{"id":3234,"date":"2025-08-20T13:22:29","date_gmt":"2025-08-20T13:22:29","guid":{"rendered":"https:\/\/bitasuab.lt\/product\/us-09-tlenowy-o%e2%82%82-detektor-gazowy-scienny-12-v-dc-z-ekranem-dwustopniowy-alarm-al1-al2\/"},"modified":"2025-08-20T13:22:29","modified_gmt":"2025-08-20T13:22:29","slug":"us-09-tlenowy-o%e2%82%82-detektor-gazowy-scienny-12-v-dc-z-ekranem-dwustopniowy-alarm-al1-al2","status":"publish","type":"product","link":"https:\/\/bitasuab.lt\/pl\/product\/us-09-tlenowy-o%e2%82%82-detektor-gazowy-scienny-12-v-dc-z-ekranem-dwustopniowy-alarm-al1-al2\/","title":{"rendered":"US-09 tlenowy (O\u2082) detektor gazowy, \u015bcienny, 12 V DC, z ekranem, dwustopniowy alarm (AL1\/AL2)"},"featured_media":3235,"template":"","gaisro-apsaugos-sistema":[],"product-category":[107],"produkto-panaudojimas":[],"class_list":["post-3234","product","type-product","status-publish","has-post-thumbnail","hentry","product-category-detektoriai-pl"],"acf":[],"yoast_head":"<!-- This site is optimized with the Yoast SEO plugin v27.5 - https:\/\/yoast.com\/product\/yoast-seo-wordpress\/ -->\n<title>US-09 O\u2082 gazowy detektor | Tlenowy monitoring<\/title>\n<meta name=\"description\" content=\"Detektor gazu US-09 O\u2082 \u2013 czujnik \u015bcienny 12 V DC z wy\u015bwietlaczem i dwustopniowym sygnalizowaniem (AL1: 19,5 %, AL2: 18,5 %). Wytrzyma\u0142a obudowa\" \/>\n<meta name=\"robots\" content=\"index, follow, max-snippet:-1, max-image-preview:large, max-video-preview:-1\" \/>\n<link rel=\"canonical\" href=\"https:\/\/bitasuab.lt\/pl\/product\/us-09-tlenowy-o%e2%82%82-detektor-gazowy-scienny-12-v-dc-z-ekranem-dwustopniowy-alarm-al1-al2\/\" \/>\n<meta property=\"og:locale\" content=\"pl_PL\" \/>\n<meta property=\"og:type\" content=\"article\" \/>\n<meta property=\"og:title\" content=\"US-09 O\u2082 gazowy detektor | Tlenowy monitoring\" \/>\n<meta property=\"og:description\" content=\"Detektor gazu US-09 O\u2082 \u2013 czujnik \u015bcienny 12 V DC z wy\u015bwietlaczem i dwustopniowym sygnalizowaniem (AL1: 19,5 %, AL2: 18,5 %). Wytrzyma\u0142a obudowa\" \/>\n<meta property=\"og:url\" content=\"https:\/\/bitasuab.lt\/pl\/product\/us-09-tlenowy-o%e2%82%82-detektor-gazowy-scienny-12-v-dc-z-ekranem-dwustopniowy-alarm-al1-al2\/\" \/>\n<meta property=\"og:site_name\" content=\"Bitas\" \/>\n<meta property=\"og:image\" content=\"https:\/\/bitasuab.lt\/wp-content\/uploads\/2025\/08\/viber_image_2025-08-20_13-44-43-178.jpg\" \/>\n\t<meta property=\"og:image:width\" content=\"1600\" \/>\n\t<meta property=\"og:image:height\" content=\"1200\" \/>\n\t<meta property=\"og:image:type\" content=\"image\/jpeg\" \/>\n<meta name=\"twitter:card\" content=\"summary_large_image\" \/>\n<script type=\"application\/ld+json\" class=\"yoast-schema-graph\">{\"@context\":\"https:\\\/\\\/schema.org\",\"@graph\":[{\"@type\":\"WebPage\",\"@id\":\"https:\\\/\\\/bitasuab.lt\\\/pl\\\/product\\\/us-09-tlenowy-o%e2%82%82-detektor-gazowy-scienny-12-v-dc-z-ekranem-dwustopniowy-alarm-al1-al2\\\/\",\"url\":\"https:\\\/\\\/bitasuab.lt\\\/pl\\\/product\\\/us-09-tlenowy-o%e2%82%82-detektor-gazowy-scienny-12-v-dc-z-ekranem-dwustopniowy-alarm-al1-al2\\\/\",\"name\":\"US-09 O\u2082 gazowy detektor | Tlenowy monitoring\",\"isPartOf\":{\"@id\":\"https:\\\/\\\/bitasuab.lt\\\/pl\\\/#website\"},\"primaryImageOfPage\":{\"@id\":\"https:\\\/\\\/bitasuab.lt\\\/pl\\\/product\\\/us-09-tlenowy-o%e2%82%82-detektor-gazowy-scienny-12-v-dc-z-ekranem-dwustopniowy-alarm-al1-al2\\\/#primaryimage\"},\"image\":{\"@id\":\"https:\\\/\\\/bitasuab.lt\\\/pl\\\/product\\\/us-09-tlenowy-o%e2%82%82-detektor-gazowy-scienny-12-v-dc-z-ekranem-dwustopniowy-alarm-al1-al2\\\/#primaryimage\"},\"thumbnailUrl\":\"https:\\\/\\\/bitasuab.lt\\\/wp-content\\\/uploads\\\/2025\\\/08\\\/viber_image_2025-08-20_13-44-43-178.jpg\",\"datePublished\":\"2025-08-20T13:22:29+00:00\",\"description\":\"Detektor gazu US-09 O\u2082 \u2013 czujnik \u015bcienny 12 V DC z wy\u015bwietlaczem i dwustopniowym sygnalizowaniem (AL1: 19,5 %, AL2: 18,5 %). Wytrzyma\u0142a obudowa\",\"breadcrumb\":{\"@id\":\"https:\\\/\\\/bitasuab.lt\\\/pl\\\/product\\\/us-09-tlenowy-o%e2%82%82-detektor-gazowy-scienny-12-v-dc-z-ekranem-dwustopniowy-alarm-al1-al2\\\/#breadcrumb\"},\"inLanguage\":\"pl-PL\",\"potentialAction\":[{\"@type\":\"ReadAction\",\"target\":[\"https:\\\/\\\/bitasuab.lt\\\/pl\\\/product\\\/us-09-tlenowy-o%e2%82%82-detektor-gazowy-scienny-12-v-dc-z-ekranem-dwustopniowy-alarm-al1-al2\\\/\"]}]},{\"@type\":\"ImageObject\",\"inLanguage\":\"pl-PL\",\"@id\":\"https:\\\/\\\/bitasuab.lt\\\/pl\\\/product\\\/us-09-tlenowy-o%e2%82%82-detektor-gazowy-scienny-12-v-dc-z-ekranem-dwustopniowy-alarm-al1-al2\\\/#primaryimage\",\"url\":\"https:\\\/\\\/bitasuab.lt\\\/wp-content\\\/uploads\\\/2025\\\/08\\\/viber_image_2025-08-20_13-44-43-178.jpg\",\"contentUrl\":\"https:\\\/\\\/bitasuab.lt\\\/wp-content\\\/uploads\\\/2025\\\/08\\\/viber_image_2025-08-20_13-44-43-178.jpg\",\"width\":1600,\"height\":1200},{\"@type\":\"BreadcrumbList\",\"@id\":\"https:\\\/\\\/bitasuab.lt\\\/pl\\\/product\\\/us-09-tlenowy-o%e2%82%82-detektor-gazowy-scienny-12-v-dc-z-ekranem-dwustopniowy-alarm-al1-al2\\\/#breadcrumb\",\"itemListElement\":[{\"@type\":\"ListItem\",\"position\":1,\"name\":\"Home\",\"item\":\"https:\\\/\\\/bitasuab.lt\\\/pl\\\/\"},{\"@type\":\"ListItem\",\"position\":2,\"name\":\"US-09 tlenowy (O\u2082) detektor gazowy, \u015bcienny, 12 V DC, z ekranem, dwustopniowy alarm (AL1\\\/AL2)\"}]},{\"@type\":\"WebSite\",\"@id\":\"https:\\\/\\\/bitasuab.lt\\\/pl\\\/#website\",\"url\":\"https:\\\/\\\/bitasuab.lt\\\/pl\\\/\",\"name\":\"Bitas\",\"description\":\"\",\"publisher\":{\"@id\":\"https:\\\/\\\/bitasuab.lt\\\/pl\\\/#organization\"},\"potentialAction\":[{\"@type\":\"SearchAction\",\"target\":{\"@type\":\"EntryPoint\",\"urlTemplate\":\"https:\\\/\\\/bitasuab.lt\\\/pl\\\/?s={search_term_string}\"},\"query-input\":{\"@type\":\"PropertyValueSpecification\",\"valueRequired\":true,\"valueName\":\"search_term_string\"}}],\"inLanguage\":\"pl-PL\"},{\"@type\":\"Organization\",\"@id\":\"https:\\\/\\\/bitasuab.lt\\\/pl\\\/#organization\",\"name\":\"Bitas\",\"url\":\"https:\\\/\\\/bitasuab.lt\\\/pl\\\/\",\"logo\":{\"@type\":\"ImageObject\",\"inLanguage\":\"pl-PL\",\"@id\":\"https:\\\/\\\/bitasuab.lt\\\/pl\\\/#\\\/schema\\\/logo\\\/image\\\/\",\"url\":\"https:\\\/\\\/bitasuab.lt\\\/wp-content\\\/uploads\\\/2024\\\/05\\\/image-removebg-preview.png\",\"contentUrl\":\"https:\\\/\\\/bitasuab.lt\\\/wp-content\\\/uploads\\\/2024\\\/05\\\/image-removebg-preview.png\",\"width\":231,\"height\":72,\"caption\":\"Bitas\"},\"image\":{\"@id\":\"https:\\\/\\\/bitasuab.lt\\\/pl\\\/#\\\/schema\\\/logo\\\/image\\\/\"}}]}<\/script>\n<!-- \/ Yoast SEO plugin. -->","yoast_head_json":{"title":"US-09 O\u2082 gazowy detektor | Tlenowy monitoring","description":"Detektor gazu US-09 O\u2082 \u2013 czujnik \u015bcienny 12 V DC z wy\u015bwietlaczem i dwustopniowym sygnalizowaniem (AL1: 19,5 %, AL2: 18,5 %). Wytrzyma\u0142a obudowa","robots":{"index":"index","follow":"follow","max-snippet":"max-snippet:-1","max-image-preview":"max-image-preview:large","max-video-preview":"max-video-preview:-1"},"canonical":"https:\/\/bitasuab.lt\/pl\/product\/us-09-tlenowy-o%e2%82%82-detektor-gazowy-scienny-12-v-dc-z-ekranem-dwustopniowy-alarm-al1-al2\/","og_locale":"pl_PL","og_type":"article","og_title":"US-09 O\u2082 gazowy detektor | Tlenowy monitoring","og_description":"Detektor gazu US-09 O\u2082 \u2013 czujnik \u015bcienny 12 V DC z wy\u015bwietlaczem i dwustopniowym sygnalizowaniem (AL1: 19,5 %, AL2: 18,5 %). Wytrzyma\u0142a obudowa","og_url":"https:\/\/bitasuab.lt\/pl\/product\/us-09-tlenowy-o%e2%82%82-detektor-gazowy-scienny-12-v-dc-z-ekranem-dwustopniowy-alarm-al1-al2\/","og_site_name":"Bitas","og_image":[{"width":1600,"height":1200,"url":"https:\/\/bitasuab.lt\/wp-content\/uploads\/2025\/08\/viber_image_2025-08-20_13-44-43-178.jpg","type":"image\/jpeg"}],"twitter_card":"summary_large_image","schema":{"@context":"https:\/\/schema.org","@graph":[{"@type":"WebPage","@id":"https:\/\/bitasuab.lt\/pl\/product\/us-09-tlenowy-o%e2%82%82-detektor-gazowy-scienny-12-v-dc-z-ekranem-dwustopniowy-alarm-al1-al2\/","url":"https:\/\/bitasuab.lt\/pl\/product\/us-09-tlenowy-o%e2%82%82-detektor-gazowy-scienny-12-v-dc-z-ekranem-dwustopniowy-alarm-al1-al2\/","name":"US-09 O\u2082 gazowy detektor | Tlenowy monitoring","isPartOf":{"@id":"https:\/\/bitasuab.lt\/pl\/#website"},"primaryImageOfPage":{"@id":"https:\/\/bitasuab.lt\/pl\/product\/us-09-tlenowy-o%e2%82%82-detektor-gazowy-scienny-12-v-dc-z-ekranem-dwustopniowy-alarm-al1-al2\/#primaryimage"},"image":{"@id":"https:\/\/bitasuab.lt\/pl\/product\/us-09-tlenowy-o%e2%82%82-detektor-gazowy-scienny-12-v-dc-z-ekranem-dwustopniowy-alarm-al1-al2\/#primaryimage"},"thumbnailUrl":"https:\/\/bitasuab.lt\/wp-content\/uploads\/2025\/08\/viber_image_2025-08-20_13-44-43-178.jpg","datePublished":"2025-08-20T13:22:29+00:00","description":"Detektor gazu US-09 O\u2082 \u2013 czujnik \u015bcienny 12 V DC z wy\u015bwietlaczem i dwustopniowym sygnalizowaniem (AL1: 19,5 %, AL2: 18,5 %). Wytrzyma\u0142a obudowa","breadcrumb":{"@id":"https:\/\/bitasuab.lt\/pl\/product\/us-09-tlenowy-o%e2%82%82-detektor-gazowy-scienny-12-v-dc-z-ekranem-dwustopniowy-alarm-al1-al2\/#breadcrumb"},"inLanguage":"pl-PL","potentialAction":[{"@type":"ReadAction","target":["https:\/\/bitasuab.lt\/pl\/product\/us-09-tlenowy-o%e2%82%82-detektor-gazowy-scienny-12-v-dc-z-ekranem-dwustopniowy-alarm-al1-al2\/"]}]},{"@type":"ImageObject","inLanguage":"pl-PL","@id":"https:\/\/bitasuab.lt\/pl\/product\/us-09-tlenowy-o%e2%82%82-detektor-gazowy-scienny-12-v-dc-z-ekranem-dwustopniowy-alarm-al1-al2\/#primaryimage","url":"https:\/\/bitasuab.lt\/wp-content\/uploads\/2025\/08\/viber_image_2025-08-20_13-44-43-178.jpg","contentUrl":"https:\/\/bitasuab.lt\/wp-content\/uploads\/2025\/08\/viber_image_2025-08-20_13-44-43-178.jpg","width":1600,"height":1200},{"@type":"BreadcrumbList","@id":"https:\/\/bitasuab.lt\/pl\/product\/us-09-tlenowy-o%e2%82%82-detektor-gazowy-scienny-12-v-dc-z-ekranem-dwustopniowy-alarm-al1-al2\/#breadcrumb","itemListElement":[{"@type":"ListItem","position":1,"name":"Home","item":"https:\/\/bitasuab.lt\/pl\/"},{"@type":"ListItem","position":2,"name":"US-09 tlenowy (O\u2082) detektor gazowy, \u015bcienny, 12 V DC, z ekranem, dwustopniowy alarm (AL1\/AL2)"}]},{"@type":"WebSite","@id":"https:\/\/bitasuab.lt\/pl\/#website","url":"https:\/\/bitasuab.lt\/pl\/","name":"Bitas","description":"","publisher":{"@id":"https:\/\/bitasuab.lt\/pl\/#organization"},"potentialAction":[{"@type":"SearchAction","target":{"@type":"EntryPoint","urlTemplate":"https:\/\/bitasuab.lt\/pl\/?s={search_term_string}"},"query-input":{"@type":"PropertyValueSpecification","valueRequired":true,"valueName":"search_term_string"}}],"inLanguage":"pl-PL"},{"@type":"Organization","@id":"https:\/\/bitasuab.lt\/pl\/#organization","name":"Bitas","url":"https:\/\/bitasuab.lt\/pl\/","logo":{"@type":"ImageObject","inLanguage":"pl-PL","@id":"https:\/\/bitasuab.lt\/pl\/#\/schema\/logo\/image\/","url":"https:\/\/bitasuab.lt\/wp-content\/uploads\/2024\/05\/image-removebg-preview.png","contentUrl":"https:\/\/bitasuab.lt\/wp-content\/uploads\/2024\/05\/image-removebg-preview.png","width":231,"height":72,"caption":"Bitas"},"image":{"@id":"https:\/\/bitasuab.lt\/pl\/#\/schema\/logo\/image\/"}}]}},"_links":{"self":[{"href":"https:\/\/bitasuab.lt\/pl\/wp-json\/wp\/v2\/product\/3234","targetHints":{"allow":["GET"]}}],"collection":[{"href":"https:\/\/bitasuab.lt\/pl\/wp-json\/wp\/v2\/product"}],"about":[{"href":"https:\/\/bitasuab.lt\/pl\/wp-json\/wp\/v2\/types\/product"}],"wp:featuredmedia":[{"embeddable":true,"href":"https:\/\/bitasuab.lt\/pl\/wp-json\/wp\/v2\/media\/3235"}],"wp:attachment":[{"href":"https:\/\/bitasuab.lt\/pl\/wp-json\/wp\/v2\/media?parent=3234"}],"wp:term":[{"taxonomy":"gaisro-apsaugos-sistema","embeddable":true,"href":"https:\/\/bitasuab.lt\/pl\/wp-json\/wp\/v2\/gaisro-apsaugos-sistema?post=3234"},{"taxonomy":"product-category","embeddable":true,"href":"https:\/\/bitasuab.lt\/pl\/wp-json\/wp\/v2\/product-category?post=3234"},{"taxonomy":"produkto-panaudojimas","embeddable":true,"href":"https:\/\/bitasuab.lt\/pl\/wp-json\/wp\/v2\/produkto-panaudojimas?post=3234"}],"curies":[{"name":"wp","href":"https:\/\/api.w.org\/{rel}","templated":true}]}}