{"id":1428,"date":"2025-08-20T14:16:52","date_gmt":"2025-08-20T14:16:52","guid":{"rendered":"https:\/\/bitasuab.lt\/product\/as-06-lpg-butans-propans-gazes-signals-gazes-detektors-24-v-lidzstravas-tiess-0-50-lel-bipolars-a10-limeni-al1-al2\/"},"modified":"2025-08-20T14:16:52","modified_gmt":"2025-08-20T14:16:52","slug":"as-06-lpg-butans-propans-gazes-signals-gazes-detektors-24-v-lidzstravas-tiess-0-50-lel-bipolars-a10-limeni-al1-al2","status":"publish","type":"product","link":"https:\/\/bitasuab.lt\/lv\/product\/as-06-lpg-butans-propans-gazes-signals-gazes-detektors-24-v-lidzstravas-tiess-0-50-lel-bipolars-a10-limeni-al1-al2\/","title":{"rendered":"AS-06 LPG (but\u0101ns, prop\u0101ns) g\u0101zes sign\u0101ls, g\u0101zes detektors, 24 V l\u012bdzstr\u0101vas, tie\u0161s, 0-50 % LEL, bipol\u0101rs\/a10&gt; l\u012bme\u0146i AL1\/AL2"},"featured_media":1416,"template":"","gaisro-apsaugos-sistema":[],"product-category":[48],"produkto-panaudojimas":[],"class_list":["post-1428","product","type-product","status-publish","has-post-thumbnail","hentry","product-category-detektoriai-lv"],"acf":[],"yoast_head":"<!-- This site is optimized with the Yoast SEO plugin v27.4 - https:\/\/yoast.com\/product\/yoast-seo-wordpress\/ -->\n<title>AS-06 LPG (but\u0101ns, prop\u0101ns) g\u0101zes sign\u0101ls, g\u0101zes detektors, 24 V l\u012bdzstr\u0101vas, tie\u0161s, 0-50 % LEL, bipol\u0101rs\/a10&gt; l\u012bme\u0146i AL1\/AL2 - Bitas<\/title>\n<meta name=\"robots\" content=\"index, follow, max-snippet:-1, max-image-preview:large, max-video-preview:-1\" \/>\n<link rel=\"canonical\" href=\"https:\/\/bitasuab.lt\/lv\/product\/as-06-lpg-butans-propans-gazes-signals-gazes-detektors-24-v-lidzstravas-tiess-0-50-lel-bipolars-a10-limeni-al1-al2\/\" \/>\n<meta property=\"og:locale\" content=\"lv_LV\" \/>\n<meta property=\"og:type\" content=\"article\" \/>\n<meta property=\"og:title\" content=\"AS-06 LPG (but\u0101ns, prop\u0101ns) g\u0101zes sign\u0101ls, g\u0101zes detektors, 24 V l\u012bdzstr\u0101vas, tie\u0161s, 0-50 % LEL, bipol\u0101rs\/a10&gt; l\u012bme\u0146i AL1\/AL2 - Bitas\" \/>\n<meta property=\"og:url\" content=\"https:\/\/bitasuab.lt\/lv\/product\/as-06-lpg-butans-propans-gazes-signals-gazes-detektors-24-v-lidzstravas-tiess-0-50-lel-bipolars-a10-limeni-al1-al2\/\" \/>\n<meta property=\"og:site_name\" content=\"Bitas\" \/>\n<meta property=\"og:image\" content=\"https:\/\/bitasuab.lt\/wp-content\/uploads\/2025\/08\/US-06top-scaled.jpg\" \/>\n\t<meta property=\"og:image:width\" content=\"2560\" \/>\n\t<meta property=\"og:image:height\" content=\"1707\" \/>\n\t<meta property=\"og:image:type\" content=\"image\/jpeg\" \/>\n<meta name=\"twitter:card\" content=\"summary_large_image\" \/>\n<script type=\"application\/ld+json\" class=\"yoast-schema-graph\">{\"@context\":\"https:\\\/\\\/schema.org\",\"@graph\":[{\"@type\":\"WebPage\",\"@id\":\"https:\\\/\\\/bitasuab.lt\\\/lv\\\/product\\\/as-06-lpg-butans-propans-gazes-signals-gazes-detektors-24-v-lidzstravas-tiess-0-50-lel-bipolars-a10-limeni-al1-al2\\\/\",\"url\":\"https:\\\/\\\/bitasuab.lt\\\/lv\\\/product\\\/as-06-lpg-butans-propans-gazes-signals-gazes-detektors-24-v-lidzstravas-tiess-0-50-lel-bipolars-a10-limeni-al1-al2\\\/\",\"name\":\"AS-06 LPG (but\u0101ns, prop\u0101ns) g\u0101zes sign\u0101ls, g\u0101zes detektors, 24 V l\u012bdzstr\u0101vas, tie\u0161s, 0-50 % LEL, bipol\u0101rs\\\/a10&gt; l\u012bme\u0146i AL1\\\/AL2 - Bitas\",\"isPartOf\":{\"@id\":\"https:\\\/\\\/bitasuab.lt\\\/lv\\\/#website\"},\"primaryImageOfPage\":{\"@id\":\"https:\\\/\\\/bitasuab.lt\\\/lv\\\/product\\\/as-06-lpg-butans-propans-gazes-signals-gazes-detektors-24-v-lidzstravas-tiess-0-50-lel-bipolars-a10-limeni-al1-al2\\\/#primaryimage\"},\"image\":{\"@id\":\"https:\\\/\\\/bitasuab.lt\\\/lv\\\/product\\\/as-06-lpg-butans-propans-gazes-signals-gazes-detektors-24-v-lidzstravas-tiess-0-50-lel-bipolars-a10-limeni-al1-al2\\\/#primaryimage\"},\"thumbnailUrl\":\"https:\\\/\\\/bitasuab.lt\\\/wp-content\\\/uploads\\\/2025\\\/08\\\/US-06top-scaled.jpg\",\"datePublished\":\"2025-08-20T14:16:52+00:00\",\"breadcrumb\":{\"@id\":\"https:\\\/\\\/bitasuab.lt\\\/lv\\\/product\\\/as-06-lpg-butans-propans-gazes-signals-gazes-detektors-24-v-lidzstravas-tiess-0-50-lel-bipolars-a10-limeni-al1-al2\\\/#breadcrumb\"},\"inLanguage\":\"lv-LV\",\"potentialAction\":[{\"@type\":\"ReadAction\",\"target\":[\"https:\\\/\\\/bitasuab.lt\\\/lv\\\/product\\\/as-06-lpg-butans-propans-gazes-signals-gazes-detektors-24-v-lidzstravas-tiess-0-50-lel-bipolars-a10-limeni-al1-al2\\\/\"]}]},{\"@type\":\"ImageObject\",\"inLanguage\":\"lv-LV\",\"@id\":\"https:\\\/\\\/bitasuab.lt\\\/lv\\\/product\\\/as-06-lpg-butans-propans-gazes-signals-gazes-detektors-24-v-lidzstravas-tiess-0-50-lel-bipolars-a10-limeni-al1-al2\\\/#primaryimage\",\"url\":\"https:\\\/\\\/bitasuab.lt\\\/wp-content\\\/uploads\\\/2025\\\/08\\\/US-06top-scaled.jpg\",\"contentUrl\":\"https:\\\/\\\/bitasuab.lt\\\/wp-content\\\/uploads\\\/2025\\\/08\\\/US-06top-scaled.jpg\",\"width\":2560,\"height\":1707},{\"@type\":\"BreadcrumbList\",\"@id\":\"https:\\\/\\\/bitasuab.lt\\\/lv\\\/product\\\/as-06-lpg-butans-propans-gazes-signals-gazes-detektors-24-v-lidzstravas-tiess-0-50-lel-bipolars-a10-limeni-al1-al2\\\/#breadcrumb\",\"itemListElement\":[{\"@type\":\"ListItem\",\"position\":1,\"name\":\"Home\",\"item\":\"https:\\\/\\\/bitasuab.lt\\\/lv\\\/front-page\\\/\"},{\"@type\":\"ListItem\",\"position\":2,\"name\":\"AS-06 LPG (but\u0101ns, prop\u0101ns) g\u0101zes sign\u0101ls, g\u0101zes detektors, 24 V l\u012bdzstr\u0101vas, tie\u0161s, 0-50 % LEL, bipol\u0101rs\\\/a10&gt; l\u012bme\u0146i AL1\\\/AL2\"}]},{\"@type\":\"WebSite\",\"@id\":\"https:\\\/\\\/bitasuab.lt\\\/lv\\\/#website\",\"url\":\"https:\\\/\\\/bitasuab.lt\\\/lv\\\/\",\"name\":\"Bitas\",\"description\":\"\",\"publisher\":{\"@id\":\"https:\\\/\\\/bitasuab.lt\\\/lv\\\/#organization\"},\"potentialAction\":[{\"@type\":\"SearchAction\",\"target\":{\"@type\":\"EntryPoint\",\"urlTemplate\":\"https:\\\/\\\/bitasuab.lt\\\/lv\\\/?s={search_term_string}\"},\"query-input\":{\"@type\":\"PropertyValueSpecification\",\"valueRequired\":true,\"valueName\":\"search_term_string\"}}],\"inLanguage\":\"lv-LV\"},{\"@type\":\"Organization\",\"@id\":\"https:\\\/\\\/bitasuab.lt\\\/lv\\\/#organization\",\"name\":\"Bitas\",\"url\":\"https:\\\/\\\/bitasuab.lt\\\/lv\\\/\",\"logo\":{\"@type\":\"ImageObject\",\"inLanguage\":\"lv-LV\",\"@id\":\"https:\\\/\\\/bitasuab.lt\\\/lv\\\/#\\\/schema\\\/logo\\\/image\\\/\",\"url\":\"https:\\\/\\\/bitasuab.lt\\\/wp-content\\\/uploads\\\/2024\\\/05\\\/image-removebg-preview.png\",\"contentUrl\":\"https:\\\/\\\/bitasuab.lt\\\/wp-content\\\/uploads\\\/2024\\\/05\\\/image-removebg-preview.png\",\"width\":231,\"height\":72,\"caption\":\"Bitas\"},\"image\":{\"@id\":\"https:\\\/\\\/bitasuab.lt\\\/lv\\\/#\\\/schema\\\/logo\\\/image\\\/\"}}]}<\/script>\n<!-- \/ Yoast SEO plugin. -->","yoast_head_json":{"title":"AS-06 LPG (but\u0101ns, prop\u0101ns) g\u0101zes sign\u0101ls, g\u0101zes detektors, 24 V l\u012bdzstr\u0101vas, tie\u0161s, 0-50 % LEL, bipol\u0101rs\/a10&gt; l\u012bme\u0146i AL1\/AL2 - Bitas","robots":{"index":"index","follow":"follow","max-snippet":"max-snippet:-1","max-image-preview":"max-image-preview:large","max-video-preview":"max-video-preview:-1"},"canonical":"https:\/\/bitasuab.lt\/lv\/product\/as-06-lpg-butans-propans-gazes-signals-gazes-detektors-24-v-lidzstravas-tiess-0-50-lel-bipolars-a10-limeni-al1-al2\/","og_locale":"lv_LV","og_type":"article","og_title":"AS-06 LPG (but\u0101ns, prop\u0101ns) g\u0101zes sign\u0101ls, g\u0101zes detektors, 24 V l\u012bdzstr\u0101vas, tie\u0161s, 0-50 % LEL, bipol\u0101rs\/a10&gt; l\u012bme\u0146i AL1\/AL2 - Bitas","og_url":"https:\/\/bitasuab.lt\/lv\/product\/as-06-lpg-butans-propans-gazes-signals-gazes-detektors-24-v-lidzstravas-tiess-0-50-lel-bipolars-a10-limeni-al1-al2\/","og_site_name":"Bitas","og_image":[{"width":2560,"height":1707,"url":"https:\/\/bitasuab.lt\/wp-content\/uploads\/2025\/08\/US-06top-scaled.jpg","type":"image\/jpeg"}],"twitter_card":"summary_large_image","schema":{"@context":"https:\/\/schema.org","@graph":[{"@type":"WebPage","@id":"https:\/\/bitasuab.lt\/lv\/product\/as-06-lpg-butans-propans-gazes-signals-gazes-detektors-24-v-lidzstravas-tiess-0-50-lel-bipolars-a10-limeni-al1-al2\/","url":"https:\/\/bitasuab.lt\/lv\/product\/as-06-lpg-butans-propans-gazes-signals-gazes-detektors-24-v-lidzstravas-tiess-0-50-lel-bipolars-a10-limeni-al1-al2\/","name":"AS-06 LPG (but\u0101ns, prop\u0101ns) g\u0101zes sign\u0101ls, g\u0101zes detektors, 24 V l\u012bdzstr\u0101vas, tie\u0161s, 0-50 % LEL, bipol\u0101rs\/a10&gt; l\u012bme\u0146i AL1\/AL2 - Bitas","isPartOf":{"@id":"https:\/\/bitasuab.lt\/lv\/#website"},"primaryImageOfPage":{"@id":"https:\/\/bitasuab.lt\/lv\/product\/as-06-lpg-butans-propans-gazes-signals-gazes-detektors-24-v-lidzstravas-tiess-0-50-lel-bipolars-a10-limeni-al1-al2\/#primaryimage"},"image":{"@id":"https:\/\/bitasuab.lt\/lv\/product\/as-06-lpg-butans-propans-gazes-signals-gazes-detektors-24-v-lidzstravas-tiess-0-50-lel-bipolars-a10-limeni-al1-al2\/#primaryimage"},"thumbnailUrl":"https:\/\/bitasuab.lt\/wp-content\/uploads\/2025\/08\/US-06top-scaled.jpg","datePublished":"2025-08-20T14:16:52+00:00","breadcrumb":{"@id":"https:\/\/bitasuab.lt\/lv\/product\/as-06-lpg-butans-propans-gazes-signals-gazes-detektors-24-v-lidzstravas-tiess-0-50-lel-bipolars-a10-limeni-al1-al2\/#breadcrumb"},"inLanguage":"lv-LV","potentialAction":[{"@type":"ReadAction","target":["https:\/\/bitasuab.lt\/lv\/product\/as-06-lpg-butans-propans-gazes-signals-gazes-detektors-24-v-lidzstravas-tiess-0-50-lel-bipolars-a10-limeni-al1-al2\/"]}]},{"@type":"ImageObject","inLanguage":"lv-LV","@id":"https:\/\/bitasuab.lt\/lv\/product\/as-06-lpg-butans-propans-gazes-signals-gazes-detektors-24-v-lidzstravas-tiess-0-50-lel-bipolars-a10-limeni-al1-al2\/#primaryimage","url":"https:\/\/bitasuab.lt\/wp-content\/uploads\/2025\/08\/US-06top-scaled.jpg","contentUrl":"https:\/\/bitasuab.lt\/wp-content\/uploads\/2025\/08\/US-06top-scaled.jpg","width":2560,"height":1707},{"@type":"BreadcrumbList","@id":"https:\/\/bitasuab.lt\/lv\/product\/as-06-lpg-butans-propans-gazes-signals-gazes-detektors-24-v-lidzstravas-tiess-0-50-lel-bipolars-a10-limeni-al1-al2\/#breadcrumb","itemListElement":[{"@type":"ListItem","position":1,"name":"Home","item":"https:\/\/bitasuab.lt\/lv\/front-page\/"},{"@type":"ListItem","position":2,"name":"AS-06 LPG (but\u0101ns, prop\u0101ns) g\u0101zes sign\u0101ls, g\u0101zes detektors, 24 V l\u012bdzstr\u0101vas, tie\u0161s, 0-50 % LEL, bipol\u0101rs\/a10&gt; l\u012bme\u0146i AL1\/AL2"}]},{"@type":"WebSite","@id":"https:\/\/bitasuab.lt\/lv\/#website","url":"https:\/\/bitasuab.lt\/lv\/","name":"Bitas","description":"","publisher":{"@id":"https:\/\/bitasuab.lt\/lv\/#organization"},"potentialAction":[{"@type":"SearchAction","target":{"@type":"EntryPoint","urlTemplate":"https:\/\/bitasuab.lt\/lv\/?s={search_term_string}"},"query-input":{"@type":"PropertyValueSpecification","valueRequired":true,"valueName":"search_term_string"}}],"inLanguage":"lv-LV"},{"@type":"Organization","@id":"https:\/\/bitasuab.lt\/lv\/#organization","name":"Bitas","url":"https:\/\/bitasuab.lt\/lv\/","logo":{"@type":"ImageObject","inLanguage":"lv-LV","@id":"https:\/\/bitasuab.lt\/lv\/#\/schema\/logo\/image\/","url":"https:\/\/bitasuab.lt\/wp-content\/uploads\/2024\/05\/image-removebg-preview.png","contentUrl":"https:\/\/bitasuab.lt\/wp-content\/uploads\/2024\/05\/image-removebg-preview.png","width":231,"height":72,"caption":"Bitas"},"image":{"@id":"https:\/\/bitasuab.lt\/lv\/#\/schema\/logo\/image\/"}}]}},"_links":{"self":[{"href":"https:\/\/bitasuab.lt\/lv\/wp-json\/wp\/v2\/product\/1428","targetHints":{"allow":["GET"]}}],"collection":[{"href":"https:\/\/bitasuab.lt\/lv\/wp-json\/wp\/v2\/product"}],"about":[{"href":"https:\/\/bitasuab.lt\/lv\/wp-json\/wp\/v2\/types\/product"}],"wp:featuredmedia":[{"embeddable":true,"href":"https:\/\/bitasuab.lt\/lv\/wp-json\/wp\/v2\/media\/1416"}],"wp:attachment":[{"href":"https:\/\/bitasuab.lt\/lv\/wp-json\/wp\/v2\/media?parent=1428"}],"wp:term":[{"taxonomy":"gaisro-apsaugos-sistema","embeddable":true,"href":"https:\/\/bitasuab.lt\/lv\/wp-json\/wp\/v2\/gaisro-apsaugos-sistema?post=1428"},{"taxonomy":"product-category","embeddable":true,"href":"https:\/\/bitasuab.lt\/lv\/wp-json\/wp\/v2\/product-category?post=1428"},{"taxonomy":"produkto-panaudojimas","embeddable":true,"href":"https:\/\/bitasuab.lt\/lv\/wp-json\/wp\/v2\/produkto-panaudojimas?post=1428"}],"curies":[{"name":"wp","href":"https:\/\/api.w.org\/{rel}","templated":true}]}}