{"id":1669,"date":"2025-09-09T09:12:01","date_gmt":"2025-09-09T09:12:01","guid":{"rendered":"https:\/\/bitasuab.lt\/product\/lpg-duju-propanas-butanas-koncentracijos-jutiklis-dkj%e2%80%9101-sprogimui-atspari-bekibirkste-sistema\/"},"modified":"2026-01-14T16:01:51","modified_gmt":"2026-01-14T16:01:51","slug":"lpg-duju-propanas-butanas-koncentracijos-jutiklis-dkj-01-sprogimui-atspari-bekibirkste-sistema","status":"publish","type":"product","link":"https:\/\/bitasuab.lt\/et\/product\/lpg-duju-propanas-butanas-koncentracijos-jutiklis-dkj-01-sprogimui-atspari-bekibirkste-sistema\/","title":{"rendered":"P\u00f5hisisu<br>LPG-gaasi (propaan\/butaan) kontsentratsiooniandur DKJ\u201101 | Plahvatuskindel s\u00e4demevaba s\u00fcsteem"},"featured_media":3804,"template":"","gaisro-apsaugos-sistema":[],"product-category":[47],"produkto-panaudojimas":[],"class_list":["post-1669","product","type-product","status-publish","has-post-thumbnail","hentry","product-category-detektoriai-et"],"acf":[],"yoast_head":"<!-- This site is optimized with the Yoast SEO plugin v27.5 - https:\/\/yoast.com\/product\/yoast-seo-wordpress\/ -->\n<title>DKJ-01 LPG gaasi kontsentratsiooni andur | Plahvatuskindel s\u00fcsteem<\/title>\n<meta name=\"description\" content=\"DKJ-01 LPG gaasi kontsentratsiooni andur \u2013 s\u00fc\u00fctekindel, IP54 s\u00fcsteem propaani\/butaani lekete avastamiseks. PWM signaalimine, \u201320\u2026+50 \u00b0C,\" \/>\n<meta name=\"robots\" content=\"index, follow, max-snippet:-1, max-image-preview:large, max-video-preview:-1\" \/>\n<link rel=\"canonical\" href=\"https:\/\/bitasuab.lt\/et\/product\/lpg-duju-propanas-butanas-koncentracijos-jutiklis-dkj-01-sprogimui-atspari-bekibirkste-sistema\/\" \/>\n<meta property=\"og:locale\" content=\"et_EE\" \/>\n<meta property=\"og:type\" content=\"article\" \/>\n<meta property=\"og:title\" content=\"DKJ-01 LPG gaasi kontsentratsiooni andur | Plahvatuskindel s\u00fcsteem\" \/>\n<meta property=\"og:description\" content=\"DKJ-01 LPG gaasi kontsentratsiooni andur \u2013 s\u00fc\u00fctekindel, IP54 s\u00fcsteem propaani\/butaani lekete avastamiseks. PWM signaalimine, \u201320\u2026+50 \u00b0C,\" \/>\n<meta property=\"og:url\" content=\"https:\/\/bitasuab.lt\/et\/product\/lpg-duju-propanas-butanas-koncentracijos-jutiklis-dkj-01-sprogimui-atspari-bekibirkste-sistema\/\" \/>\n<meta property=\"og:site_name\" content=\"Bitas\" \/>\n<meta property=\"article:modified_time\" content=\"2026-01-14T16:01:51+00:00\" \/>\n<meta property=\"og:image\" content=\"https:\/\/bitasuab.lt\/wp-content\/uploads\/2024\/07\/Gas_detection_Dkj1_us03_.pdf-image-003-removebg-preview.png\" \/>\n\t<meta property=\"og:image:width\" content=\"597\" \/>\n\t<meta property=\"og:image:height\" content=\"418\" \/>\n\t<meta property=\"og:image:type\" content=\"image\/png\" \/>\n<meta name=\"twitter:card\" content=\"summary_large_image\" \/>\n<script type=\"application\/ld+json\" class=\"yoast-schema-graph\">{\"@context\":\"https:\\\/\\\/schema.org\",\"@graph\":[{\"@type\":\"WebPage\",\"@id\":\"https:\\\/\\\/bitasuab.lt\\\/et\\\/product\\\/lpg-duju-propanas-butanas-koncentracijos-jutiklis-dkj-01-sprogimui-atspari-bekibirkste-sistema\\\/\",\"url\":\"https:\\\/\\\/bitasuab.lt\\\/et\\\/product\\\/lpg-duju-propanas-butanas-koncentracijos-jutiklis-dkj-01-sprogimui-atspari-bekibirkste-sistema\\\/\",\"name\":\"DKJ-01 LPG gaasi kontsentratsiooni andur | Plahvatuskindel s\u00fcsteem\",\"isPartOf\":{\"@id\":\"https:\\\/\\\/bitasuab.lt\\\/et\\\/#website\"},\"primaryImageOfPage\":{\"@id\":\"https:\\\/\\\/bitasuab.lt\\\/et\\\/product\\\/lpg-duju-propanas-butanas-koncentracijos-jutiklis-dkj-01-sprogimui-atspari-bekibirkste-sistema\\\/#primaryimage\"},\"image\":{\"@id\":\"https:\\\/\\\/bitasuab.lt\\\/et\\\/product\\\/lpg-duju-propanas-butanas-koncentracijos-jutiklis-dkj-01-sprogimui-atspari-bekibirkste-sistema\\\/#primaryimage\"},\"thumbnailUrl\":\"https:\\\/\\\/bitasuab.lt\\\/wp-content\\\/uploads\\\/2024\\\/07\\\/ChatGPT-Image-Jan-19-2026-10_30_42-scaled.jpg\",\"datePublished\":\"2025-09-09T09:12:01+00:00\",\"dateModified\":\"2026-01-14T16:01:51+00:00\",\"description\":\"DKJ-01 LPG gaasi kontsentratsiooni andur \u2013 s\u00fc\u00fctekindel, IP54 s\u00fcsteem propaani\\\/butaani lekete avastamiseks. PWM signaalimine, \u201320\u2026+50 \u00b0C,\",\"breadcrumb\":{\"@id\":\"https:\\\/\\\/bitasuab.lt\\\/et\\\/product\\\/lpg-duju-propanas-butanas-koncentracijos-jutiklis-dkj-01-sprogimui-atspari-bekibirkste-sistema\\\/#breadcrumb\"},\"inLanguage\":\"et\",\"potentialAction\":[{\"@type\":\"ReadAction\",\"target\":[\"https:\\\/\\\/bitasuab.lt\\\/et\\\/product\\\/lpg-duju-propanas-butanas-koncentracijos-jutiklis-dkj-01-sprogimui-atspari-bekibirkste-sistema\\\/\"]}]},{\"@type\":\"ImageObject\",\"inLanguage\":\"et\",\"@id\":\"https:\\\/\\\/bitasuab.lt\\\/et\\\/product\\\/lpg-duju-propanas-butanas-koncentracijos-jutiklis-dkj-01-sprogimui-atspari-bekibirkste-sistema\\\/#primaryimage\",\"url\":\"https:\\\/\\\/bitasuab.lt\\\/wp-content\\\/uploads\\\/2024\\\/07\\\/ChatGPT-Image-Jan-19-2026-10_30_42-scaled.jpg\",\"contentUrl\":\"https:\\\/\\\/bitasuab.lt\\\/wp-content\\\/uploads\\\/2024\\\/07\\\/ChatGPT-Image-Jan-19-2026-10_30_42-scaled.jpg\",\"width\":1869,\"height\":2560},{\"@type\":\"BreadcrumbList\",\"@id\":\"https:\\\/\\\/bitasuab.lt\\\/et\\\/product\\\/lpg-duju-propanas-butanas-koncentracijos-jutiklis-dkj-01-sprogimui-atspari-bekibirkste-sistema\\\/#breadcrumb\",\"itemListElement\":[{\"@type\":\"ListItem\",\"position\":1,\"name\":\"Home\",\"item\":\"https:\\\/\\\/bitasuab.lt\\\/et\\\/esileht\\\/\"},{\"@type\":\"ListItem\",\"position\":2,\"name\":\"P\u00f5hisisuLPG-gaasi (propaan\\\/butaan) kontsentratsiooniandur DKJ\u201101 | Plahvatuskindel s\u00e4demevaba s\u00fcsteem\"}]},{\"@type\":\"WebSite\",\"@id\":\"https:\\\/\\\/bitasuab.lt\\\/et\\\/#website\",\"url\":\"https:\\\/\\\/bitasuab.lt\\\/et\\\/\",\"name\":\"Bitas\",\"description\":\"\",\"publisher\":{\"@id\":\"https:\\\/\\\/bitasuab.lt\\\/et\\\/#organization\"},\"potentialAction\":[{\"@type\":\"SearchAction\",\"target\":{\"@type\":\"EntryPoint\",\"urlTemplate\":\"https:\\\/\\\/bitasuab.lt\\\/et\\\/?s={search_term_string}\"},\"query-input\":{\"@type\":\"PropertyValueSpecification\",\"valueRequired\":true,\"valueName\":\"search_term_string\"}}],\"inLanguage\":\"et\"},{\"@type\":\"Organization\",\"@id\":\"https:\\\/\\\/bitasuab.lt\\\/et\\\/#organization\",\"name\":\"Bitas\",\"url\":\"https:\\\/\\\/bitasuab.lt\\\/et\\\/\",\"logo\":{\"@type\":\"ImageObject\",\"inLanguage\":\"et\",\"@id\":\"https:\\\/\\\/bitasuab.lt\\\/et\\\/#\\\/schema\\\/logo\\\/image\\\/\",\"url\":\"https:\\\/\\\/bitasuab.lt\\\/wp-content\\\/uploads\\\/2024\\\/05\\\/image-removebg-preview.png\",\"contentUrl\":\"https:\\\/\\\/bitasuab.lt\\\/wp-content\\\/uploads\\\/2024\\\/05\\\/image-removebg-preview.png\",\"width\":231,\"height\":72,\"caption\":\"Bitas\"},\"image\":{\"@id\":\"https:\\\/\\\/bitasuab.lt\\\/et\\\/#\\\/schema\\\/logo\\\/image\\\/\"}}]}<\/script>\n<!-- \/ Yoast SEO plugin. -->","yoast_head_json":{"title":"DKJ-01 LPG gaasi kontsentratsiooni andur | Plahvatuskindel s\u00fcsteem","description":"DKJ-01 LPG gaasi kontsentratsiooni andur \u2013 s\u00fc\u00fctekindel, IP54 s\u00fcsteem propaani\/butaani lekete avastamiseks. PWM signaalimine, \u201320\u2026+50 \u00b0C,","robots":{"index":"index","follow":"follow","max-snippet":"max-snippet:-1","max-image-preview":"max-image-preview:large","max-video-preview":"max-video-preview:-1"},"canonical":"https:\/\/bitasuab.lt\/et\/product\/lpg-duju-propanas-butanas-koncentracijos-jutiklis-dkj-01-sprogimui-atspari-bekibirkste-sistema\/","og_locale":"et_EE","og_type":"article","og_title":"DKJ-01 LPG gaasi kontsentratsiooni andur | Plahvatuskindel s\u00fcsteem","og_description":"DKJ-01 LPG gaasi kontsentratsiooni andur \u2013 s\u00fc\u00fctekindel, IP54 s\u00fcsteem propaani\/butaani lekete avastamiseks. PWM signaalimine, \u201320\u2026+50 \u00b0C,","og_url":"https:\/\/bitasuab.lt\/et\/product\/lpg-duju-propanas-butanas-koncentracijos-jutiklis-dkj-01-sprogimui-atspari-bekibirkste-sistema\/","og_site_name":"Bitas","article_modified_time":"2026-01-14T16:01:51+00:00","og_image":[{"width":597,"height":418,"url":"https:\/\/bitasuab.lt\/wp-content\/uploads\/2024\/07\/Gas_detection_Dkj1_us03_.pdf-image-003-removebg-preview.png","type":"image\/png"}],"twitter_card":"summary_large_image","schema":{"@context":"https:\/\/schema.org","@graph":[{"@type":"WebPage","@id":"https:\/\/bitasuab.lt\/et\/product\/lpg-duju-propanas-butanas-koncentracijos-jutiklis-dkj-01-sprogimui-atspari-bekibirkste-sistema\/","url":"https:\/\/bitasuab.lt\/et\/product\/lpg-duju-propanas-butanas-koncentracijos-jutiklis-dkj-01-sprogimui-atspari-bekibirkste-sistema\/","name":"DKJ-01 LPG gaasi kontsentratsiooni andur | Plahvatuskindel s\u00fcsteem","isPartOf":{"@id":"https:\/\/bitasuab.lt\/et\/#website"},"primaryImageOfPage":{"@id":"https:\/\/bitasuab.lt\/et\/product\/lpg-duju-propanas-butanas-koncentracijos-jutiklis-dkj-01-sprogimui-atspari-bekibirkste-sistema\/#primaryimage"},"image":{"@id":"https:\/\/bitasuab.lt\/et\/product\/lpg-duju-propanas-butanas-koncentracijos-jutiklis-dkj-01-sprogimui-atspari-bekibirkste-sistema\/#primaryimage"},"thumbnailUrl":"https:\/\/bitasuab.lt\/wp-content\/uploads\/2024\/07\/ChatGPT-Image-Jan-19-2026-10_30_42-scaled.jpg","datePublished":"2025-09-09T09:12:01+00:00","dateModified":"2026-01-14T16:01:51+00:00","description":"DKJ-01 LPG gaasi kontsentratsiooni andur \u2013 s\u00fc\u00fctekindel, IP54 s\u00fcsteem propaani\/butaani lekete avastamiseks. PWM signaalimine, \u201320\u2026+50 \u00b0C,","breadcrumb":{"@id":"https:\/\/bitasuab.lt\/et\/product\/lpg-duju-propanas-butanas-koncentracijos-jutiklis-dkj-01-sprogimui-atspari-bekibirkste-sistema\/#breadcrumb"},"inLanguage":"et","potentialAction":[{"@type":"ReadAction","target":["https:\/\/bitasuab.lt\/et\/product\/lpg-duju-propanas-butanas-koncentracijos-jutiklis-dkj-01-sprogimui-atspari-bekibirkste-sistema\/"]}]},{"@type":"ImageObject","inLanguage":"et","@id":"https:\/\/bitasuab.lt\/et\/product\/lpg-duju-propanas-butanas-koncentracijos-jutiklis-dkj-01-sprogimui-atspari-bekibirkste-sistema\/#primaryimage","url":"https:\/\/bitasuab.lt\/wp-content\/uploads\/2024\/07\/ChatGPT-Image-Jan-19-2026-10_30_42-scaled.jpg","contentUrl":"https:\/\/bitasuab.lt\/wp-content\/uploads\/2024\/07\/ChatGPT-Image-Jan-19-2026-10_30_42-scaled.jpg","width":1869,"height":2560},{"@type":"BreadcrumbList","@id":"https:\/\/bitasuab.lt\/et\/product\/lpg-duju-propanas-butanas-koncentracijos-jutiklis-dkj-01-sprogimui-atspari-bekibirkste-sistema\/#breadcrumb","itemListElement":[{"@type":"ListItem","position":1,"name":"Home","item":"https:\/\/bitasuab.lt\/et\/esileht\/"},{"@type":"ListItem","position":2,"name":"P\u00f5hisisuLPG-gaasi (propaan\/butaan) kontsentratsiooniandur DKJ\u201101 | Plahvatuskindel s\u00e4demevaba s\u00fcsteem"}]},{"@type":"WebSite","@id":"https:\/\/bitasuab.lt\/et\/#website","url":"https:\/\/bitasuab.lt\/et\/","name":"Bitas","description":"","publisher":{"@id":"https:\/\/bitasuab.lt\/et\/#organization"},"potentialAction":[{"@type":"SearchAction","target":{"@type":"EntryPoint","urlTemplate":"https:\/\/bitasuab.lt\/et\/?s={search_term_string}"},"query-input":{"@type":"PropertyValueSpecification","valueRequired":true,"valueName":"search_term_string"}}],"inLanguage":"et"},{"@type":"Organization","@id":"https:\/\/bitasuab.lt\/et\/#organization","name":"Bitas","url":"https:\/\/bitasuab.lt\/et\/","logo":{"@type":"ImageObject","inLanguage":"et","@id":"https:\/\/bitasuab.lt\/et\/#\/schema\/logo\/image\/","url":"https:\/\/bitasuab.lt\/wp-content\/uploads\/2024\/05\/image-removebg-preview.png","contentUrl":"https:\/\/bitasuab.lt\/wp-content\/uploads\/2024\/05\/image-removebg-preview.png","width":231,"height":72,"caption":"Bitas"},"image":{"@id":"https:\/\/bitasuab.lt\/et\/#\/schema\/logo\/image\/"}}]}},"_links":{"self":[{"href":"https:\/\/bitasuab.lt\/et\/wp-json\/wp\/v2\/product\/1669","targetHints":{"allow":["GET"]}}],"collection":[{"href":"https:\/\/bitasuab.lt\/et\/wp-json\/wp\/v2\/product"}],"about":[{"href":"https:\/\/bitasuab.lt\/et\/wp-json\/wp\/v2\/types\/product"}],"wp:featuredmedia":[{"embeddable":true,"href":"https:\/\/bitasuab.lt\/et\/wp-json\/wp\/v2\/media\/3804"}],"wp:attachment":[{"href":"https:\/\/bitasuab.lt\/et\/wp-json\/wp\/v2\/media?parent=1669"}],"wp:term":[{"taxonomy":"gaisro-apsaugos-sistema","embeddable":true,"href":"https:\/\/bitasuab.lt\/et\/wp-json\/wp\/v2\/gaisro-apsaugos-sistema?post=1669"},{"taxonomy":"product-category","embeddable":true,"href":"https:\/\/bitasuab.lt\/et\/wp-json\/wp\/v2\/product-category?post=1669"},{"taxonomy":"produkto-panaudojimas","embeddable":true,"href":"https:\/\/bitasuab.lt\/et\/wp-json\/wp\/v2\/produkto-panaudojimas?post=1669"}],"curies":[{"name":"wp","href":"https:\/\/api.w.org\/{rel}","templated":true}]}}