{"id":833,"date":"2024-07-08T07:00:36","date_gmt":"2024-07-08T07:00:36","guid":{"rendered":"https:\/\/bitas.vdisain.dev\/meist\/"},"modified":"2024-09-20T13:01:00","modified_gmt":"2024-09-20T13:01:00","slug":"meist","status":"publish","type":"page","link":"https:\/\/bitasuab.lt\/et\/meist\/","title":{"rendered":"Meist"},"content":{"rendered":"\t\t<div data-elementor-type=\"wp-page\" data-elementor-id=\"833\" class=\"elementor elementor-833 elementor-323\" data-elementor-post-type=\"page\">\n\t\t\t\t\t\t<section class=\"elementor-section elementor-top-section elementor-element elementor-element-49487391 elementor-section-boxed elementor-section-height-default elementor-section-height-default\" data-id=\"49487391\" data-element_type=\"section\" data-e-type=\"section\" data-settings=\"{&quot;background_background&quot;:&quot;classic&quot;}\">\n\t\t\t\t\t\t\t<div class=\"elementor-background-overlay\"><\/div>\n\t\t\t\t\t\t\t<div class=\"elementor-container elementor-column-gap-default\">\n\t\t\t\t\t<div class=\"elementor-column elementor-col-100 elementor-top-column elementor-element elementor-element-468b4837\" data-id=\"468b4837\" data-element_type=\"column\" data-e-type=\"column\">\n\t\t\t<div class=\"elementor-widget-wrap elementor-element-populated\">\n\t\t\t\t\t\t<div class=\"elementor-element elementor-element-479ab8be elementor-invisible elementor-widget elementor-widget-heading\" data-id=\"479ab8be\" data-element_type=\"widget\" data-e-type=\"widget\" data-settings=\"{&quot;_animation&quot;:&quot;fadeInUp&quot;}\" data-widget_type=\"heading.default\">\n\t\t\t\t<div class=\"elementor-widget-container\">\n\t\t\t\t\t<h1 class=\"elementor-heading-title elementor-size-default\">Meist<\/h1>\t\t\t\t<\/div>\n\t\t\t\t<\/div>\n\t\t\t\t<div class=\"elementor-element elementor-element-10436503 elementor-invisible elementor-widget elementor-widget-heading\" data-id=\"10436503\" data-element_type=\"widget\" data-e-type=\"widget\" data-settings=\"{&quot;_animation&quot;:&quot;fadeInLeft&quot;}\" data-widget_type=\"heading.default\">\n\t\t\t\t<div class=\"elementor-widget-container\">\n\t\t\t\t\t<h3 class=\"elementor-heading-title elementor-size-default\">Toodete tootmine, tarnimine, kasutusabi<\/h3>\t\t\t\t<\/div>\n\t\t\t\t<\/div>\n\t\t\t\t\t<\/div>\n\t\t<\/div>\n\t\t\t\t\t<\/div>\n\t\t<\/section>\n\t\t\t\t<section class=\"elementor-section elementor-top-section elementor-element elementor-element-6a8be58c elementor-section-boxed elementor-section-height-default elementor-section-height-default\" data-id=\"6a8be58c\" data-element_type=\"section\" data-e-type=\"section\">\n\t\t\t\t\t\t<div class=\"elementor-container elementor-column-gap-default\">\n\t\t\t\t\t<div class=\"elementor-column elementor-col-50 elementor-top-column elementor-element elementor-element-5c8d5b93\" data-id=\"5c8d5b93\" data-element_type=\"column\" data-e-type=\"column\">\n\t\t\t<div class=\"elementor-widget-wrap elementor-element-populated\">\n\t\t\t\t\t\t<div class=\"elementor-element elementor-element-46ffd5af elementor-invisible elementor-widget elementor-widget-image\" data-id=\"46ffd5af\" data-element_type=\"widget\" data-e-type=\"widget\" data-settings=\"{&quot;_animation&quot;:&quot;fadeInLeft&quot;}\" data-widget_type=\"image.default\">\n\t\t\t\t<div class=\"elementor-widget-container\">\n\t\t\t\t\t\t\t\t\t\t\t\t\t\t\t<img fetchpriority=\"high\" decoding=\"async\" width=\"1080\" height=\"720\" src=\"https:\/\/bitasuab.lt\/wp-content\/uploads\/2024\/05\/electrician-checking-voltage-in-switchgear-at-solar-station.jpg\" class=\"attachment-full size-full wp-image-42\" alt=\"\" srcset=\"https:\/\/bitasuab.lt\/wp-content\/uploads\/2024\/05\/electrician-checking-voltage-in-switchgear-at-solar-station.jpg 1080w, https:\/\/bitasuab.lt\/wp-content\/uploads\/2024\/05\/electrician-checking-voltage-in-switchgear-at-solar-station-300x200.jpg 300w, https:\/\/bitasuab.lt\/wp-content\/uploads\/2024\/05\/electrician-checking-voltage-in-switchgear-at-solar-station-1024x683.jpg 1024w, https:\/\/bitasuab.lt\/wp-content\/uploads\/2024\/05\/electrician-checking-voltage-in-switchgear-at-solar-station-768x512.jpg 768w\" sizes=\"(max-width: 1080px) 100vw, 1080px\" \/>\t\t\t\t\t\t\t\t\t\t\t\t\t\t\t<\/div>\n\t\t\t\t<\/div>\n\t\t\t\t<div class=\"elementor-element elementor-element-5abe3171 elementor-widget__width-auto elementor-absolute elementor-invisible elementor-widget elementor-widget-counter\" data-id=\"5abe3171\" data-element_type=\"widget\" data-e-type=\"widget\" data-settings=\"{&quot;_position&quot;:&quot;absolute&quot;,&quot;_animation&quot;:&quot;bounceIn&quot;}\" data-widget_type=\"counter.default\">\n\t\t\t\t<div class=\"elementor-widget-container\">\n\t\t\t\t\t\t\t<div class=\"elementor-counter\">\n\t\t\t<div class=\"elementor-counter-title\">\u00dcle 35 aasta kogemust<\/div>\t\t\t<div class=\"elementor-counter-number-wrapper\">\n\t\t\t\t<span class=\"elementor-counter-number-prefix\"><\/span>\n\t\t\t\t<span class=\"elementor-counter-number\" data-duration=\"2000\" data-to-value=\"35\" data-from-value=\"0\" data-delimiter=\",\">0<\/span>\n\t\t\t\t<span class=\"elementor-counter-number-suffix\">+<\/span>\n\t\t\t<\/div>\n\t\t<\/div>\n\t\t\t\t\t\t<\/div>\n\t\t\t\t<\/div>\n\t\t\t\t\t<\/div>\n\t\t<\/div>\n\t\t\t\t<div class=\"elementor-column elementor-col-50 elementor-top-column elementor-element elementor-element-61b3aa83 elementor-invisible\" data-id=\"61b3aa83\" data-element_type=\"column\" data-e-type=\"column\" data-settings=\"{&quot;background_background&quot;:&quot;classic&quot;,&quot;animation&quot;:&quot;fadeInRight&quot;}\">\n\t\t\t<div class=\"elementor-widget-wrap elementor-element-populated\">\n\t\t\t\t\t\t<div class=\"elementor-element elementor-element-f7f51b5 elementor-widget elementor-widget-heading\" data-id=\"f7f51b5\" data-element_type=\"widget\" data-e-type=\"widget\" data-widget_type=\"heading.default\">\n\t\t\t\t<div class=\"elementor-widget-container\">\n\t\t\t\t\t<h6 class=\"elementor-heading-title elementor-size-default\">Meist<\/h6>\t\t\t\t<\/div>\n\t\t\t\t<\/div>\n\t\t\t\t<div class=\"elementor-element elementor-element-3db5f07d elementor-widget elementor-widget-text-editor\" data-id=\"3db5f07d\" data-element_type=\"widget\" data-e-type=\"widget\" data-widget_type=\"text-editor.default\">\n\t\t\t\t<div class=\"elementor-widget-container\">\n\t\t\t\t\t\t\t\t\t<p><span class=\"error-spellcheck\" data-word=\"UAB\" data-suggestion=\"UBA|URB|UHAB|ULAB|URAB|UTAB|ABU\">UAB<\/span> &#8220;<span class=\"error-spellcheck\" data-word=\"Bitas\" data-suggestion=\"Bites|Bitis|Botas|Baitas|Aitas|Eitas|Litas\">Bitas<\/span>&#8221; asutati 1989. aastal Kaunases, kus \u00fchinesid endise Kaunase <span class=\"error-spellcheck\" data-word=\"raadiom\u00f5\u00f5tmistehnika\" data-suggestion=\"\">raadiom\u00f5\u00f5tmistehnika<\/span> teadusuuringute instituudi t\u00f6\u00f6tajad. Tegevus algas koost\u00f6\u00f6st Leedu Telekomi ja Leedu Gaasiga, luues neile erinevaid <span class=\"error-spellcheck\" data-word=\"m\u00f5\u00f5teseadmeid\" data-suggestion=\"tr\u00fcki-seadmeid\">m\u00f5\u00f5teseadmeid<\/span>, sides\u00fcsteemide tihenduss\u00fcsteeme ja gaasiparameetrite telemeetrias\u00fcsteeme.<\/p><p><span class=\"error-spellcheck\" data-word=\"UAB\" data-suggestion=\"UBA|URB|UHAB|ULAB|URAB|UTAB|ABU\">UAB<\/span> &#8220;<span class=\"error-spellcheck\" data-word=\"Bitas\" data-suggestion=\"Bites|Bitis|Botas|Baitas|Aitas|Eitas|Litas\">Bitas<\/span>&#8221; on <span class=\"error-spellcheck\" data-word=\"v\u00e4ikeettev\u00f5te\" data-suggestion=\"\">v\u00e4ikeettev\u00f5te<\/span>, kus t\u00f6\u00f6tab praegu 9 t\u00f6\u00f6tajat. Meie spetsialistid arendavad, toodavad ja paigaldavad erinevaid gaasiandureid, gaasiparameetrite <span class=\"error-spellcheck\" data-word=\"m\u00f5\u00f5tureid\" data-suggestion=\"m\u0151\u0151tureid\">m\u00f5\u00f5tureid<\/span>, <span class=\"error-spellcheck\" data-word=\"termoregulaatoreid\" data-suggestion=\"tereoregulaatormid|termeregulaatoroid|termiregulaatoreod|termoregalautoreid|tormeregulaatoreid|regulaatoreid\">termoregulaatoreid<\/span>, katoodjaamu ja erinevate elektroonikas\u00fcsteemide tooteid.<\/p>\t\t\t\t\t\t\t\t<\/div>\n\t\t\t\t<\/div>\n\t\t\t\t\t<\/div>\n\t\t<\/div>\n\t\t\t\t\t<\/div>\n\t\t<\/section>\n\t\t\t\t<section class=\"elementor-section elementor-top-section elementor-element elementor-element-dbab4dd elementor-section-boxed elementor-section-height-default elementor-section-height-default\" data-id=\"dbab4dd\" data-element_type=\"section\" data-e-type=\"section\">\n\t\t\t\t\t\t<div class=\"elementor-container elementor-column-gap-default\">\n\t\t\t\t\t<div class=\"elementor-column elementor-col-100 elementor-top-column elementor-element elementor-element-51abbd2\" data-id=\"51abbd2\" data-element_type=\"column\" data-e-type=\"column\" data-settings=\"{&quot;background_background&quot;:&quot;classic&quot;}\">\n\t\t\t<div class=\"elementor-widget-wrap elementor-element-populated\">\n\t\t\t\t\t\t<div class=\"elementor-element elementor-element-6daf404 elementor-widget elementor-widget-heading\" data-id=\"6daf404\" data-element_type=\"widget\" data-e-type=\"widget\" data-widget_type=\"heading.default\">\n\t\t\t\t<div class=\"elementor-widget-container\">\n\t\t\t\t\t<h6 class=\"elementor-heading-title elementor-size-default\">V\u00f5tke \u00fchendust<\/h6>\t\t\t\t<\/div>\n\t\t\t\t<\/div>\n\t\t\t\t<div class=\"elementor-element elementor-element-61b25eb elementor-widget elementor-widget-heading\" data-id=\"61b25eb\" data-element_type=\"widget\" data-e-type=\"widget\" data-widget_type=\"heading.default\">\n\t\t\t\t<div class=\"elementor-widget-container\">\n\t\t\t\t\t<h2 class=\"elementor-heading-title elementor-size-default\">K\u00fcsige hinda, n\u00f5u v\u00f5i teavet:<\/h2>\t\t\t\t<\/div>\n\t\t\t\t<\/div>\n\t\t\t\t<div class=\"elementor-element elementor-element-4493a29 elementor-button-align-stretch elementor-widget elementor-widget-form\" data-id=\"4493a29\" data-element_type=\"widget\" data-e-type=\"widget\" data-settings=\"{&quot;step_next_label&quot;:&quot;Next&quot;,&quot;step_previous_label&quot;:&quot;Previous&quot;,&quot;button_width&quot;:&quot;100&quot;,&quot;step_type&quot;:&quot;number_text&quot;,&quot;step_icon_shape&quot;:&quot;circle&quot;}\" data-widget_type=\"form.default\">\n\t\t\t\t<div class=\"elementor-widget-container\">\n\t\t\t\t\t\t\t<form class=\"elementor-form\" method=\"post\" name=\"New Form\" aria-label=\"New Form\">\n\t\t\t<input type=\"hidden\" name=\"post_id\" value=\"833\"\/>\n\t\t\t<input type=\"hidden\" name=\"form_id\" value=\"4493a29\"\/>\n\t\t\t<input type=\"hidden\" name=\"referer_title\" value=\"Meist - Bitas\" \/>\n\n\t\t\t\t\t\t\t<input type=\"hidden\" name=\"queried_id\" value=\"833\"\/>\n\t\t\t\n\t\t\t<div class=\"elementor-form-fields-wrapper elementor-labels-above\">\n\t\t\t\t\t\t\t\t<div class=\"elementor-field-type-text elementor-field-group elementor-column elementor-field-group-name elementor-col-50 elementor-field-required elementor-mark-required\">\n\t\t\t\t\t\t\t\t\t\t\t\t<label for=\"form-field-name\" class=\"elementor-field-label\">\n\t\t\t\t\t\t\t\tNimi\t\t\t\t\t\t\t<\/label>\n\t\t\t\t\t\t\t\t\t\t\t\t\t\t<input size=\"1\" type=\"text\" name=\"form_fields[name]\" id=\"form-field-name\" class=\"elementor-field elementor-size-md  elementor-field-textual\" required=\"required\">\n\t\t\t\t\t\t\t\t\t\t\t<\/div>\n\t\t\t\t\t\t\t\t<div class=\"elementor-field-type-text elementor-field-group elementor-column elementor-field-group-field_f6844ae elementor-col-50\">\n\t\t\t\t\t\t\t\t\t\t\t\t<label for=\"form-field-field_f6844ae\" class=\"elementor-field-label\">\n\t\t\t\t\t\t\t\tEttev\u00f5te\t\t\t\t\t\t\t<\/label>\n\t\t\t\t\t\t\t\t\t\t\t\t\t\t<input size=\"1\" type=\"text\" name=\"form_fields[field_f6844ae]\" id=\"form-field-field_f6844ae\" class=\"elementor-field elementor-size-md  elementor-field-textual\">\n\t\t\t\t\t\t\t\t\t\t\t<\/div>\n\t\t\t\t\t\t\t\t<div class=\"elementor-field-type-email elementor-field-group elementor-column elementor-field-group-email elementor-col-50 elementor-field-required elementor-mark-required\">\n\t\t\t\t\t\t\t\t\t\t\t\t<label for=\"form-field-email\" class=\"elementor-field-label\">\n\t\t\t\t\t\t\t\tEpost\t\t\t\t\t\t\t<\/label>\n\t\t\t\t\t\t\t\t\t\t\t\t\t\t<input size=\"1\" type=\"email\" name=\"form_fields[email]\" id=\"form-field-email\" class=\"elementor-field elementor-size-md  elementor-field-textual\" required=\"required\">\n\t\t\t\t\t\t\t\t\t\t\t<\/div>\n\t\t\t\t\t\t\t\t<div class=\"elementor-field-type-tel elementor-field-group elementor-column elementor-field-group-field_9b7d75a elementor-col-50 elementor-field-required elementor-mark-required\">\n\t\t\t\t\t\t\t\t\t\t\t\t<label for=\"form-field-field_9b7d75a\" class=\"elementor-field-label\">\n\t\t\t\t\t\t\t\tTel.\t\t\t\t\t\t\t<\/label>\n\t\t\t\t\t\t\t\t<input size=\"1\" type=\"tel\" name=\"form_fields[field_9b7d75a]\" id=\"form-field-field_9b7d75a\" class=\"elementor-field elementor-size-md  elementor-field-textual\" required=\"required\" pattern=\"[0-9()#&amp;+*-=.]+\" title=\"Only numbers and phone characters (#, -, *, etc) are accepted.\">\n\n\t\t\t\t\t\t<\/div>\n\t\t\t\t\t\t\t\t<div class=\"elementor-field-type-textarea elementor-field-group elementor-column elementor-field-group-message elementor-col-100 elementor-field-required elementor-mark-required\">\n\t\t\t\t\t\t\t\t\t\t\t\t<label for=\"form-field-message\" class=\"elementor-field-label\">\n\t\t\t\t\t\t\t\tS\u00f5num\t\t\t\t\t\t\t<\/label>\n\t\t\t\t\t\t<textarea class=\"elementor-field-textual elementor-field  elementor-size-md\" name=\"form_fields[message]\" id=\"form-field-message\" rows=\"4\" required=\"required\"><\/textarea>\t\t\t\t<\/div>\n\t\t\t\t\t\t\t\t<div class=\"elementor-field-type-recaptcha_v3 elementor-field-group elementor-column elementor-field-group-field_220423e elementor-col-100 recaptcha_v3-bottomright\">\n\t\t\t\t\t<div class=\"elementor-field\" id=\"form-field-field_220423e\"><div class=\"elementor-g-recaptcha\" data-sitekey=\"6LfJO0oqAAAAAKhjo-JzGBCs5pkVK0L6v4Qg3VEO\" data-type=\"v3\" data-action=\"Form\" data-badge=\"bottomright\" data-size=\"invisible\"><\/div><\/div>\t\t\t\t<\/div>\n\t\t\t\t\t\t\t\t<div class=\"elementor-field-group elementor-column elementor-field-type-submit elementor-col-100 e-form__buttons\">\n\t\t\t\t\t<button class=\"elementor-button elementor-size-md\" type=\"submit\">\n\t\t\t\t\t\t<span class=\"elementor-button-content-wrapper\">\n\t\t\t\t\t\t\t\t\t\t\t\t\t\t\t<span class=\"elementor-button-icon\">\n\t\t\t\t\t\t\t\t\t<svg aria-hidden=\"true\" class=\"e-font-icon-svg e-fab-telegram-plane\" viewBox=\"0 0 448 512\" xmlns=\"http:\/\/www.w3.org\/2000\/svg\"><path d=\"M446.7 98.6l-67.6 318.8c-5.1 22.5-18.4 28.1-37.3 17.5l-103-75.9-49.7 47.8c-5.5 5.5-10.1 10.1-20.7 10.1l7.4-104.9 190.9-172.5c8.3-7.4-1.8-11.5-12.9-4.1L117.8 284 16.2 252.2c-22.1-6.9-22.5-22.1 4.6-32.7L418.2 66.4c18.4-6.9 34.5 4.1 28.5 32.2z\"><\/path><\/svg>\t\t\t\t\t\t\t\t\t\t\t\t\t\t\t\t\t<\/span>\n\t\t\t\t\t\t\t\t\t\t\t\t\t\t\t\t\t\t\t\t\t\t<span class=\"elementor-button-text\">Saada<\/span>\n\t\t\t\t\t\t\t\t\t\t\t\t\t<\/span>\n\t\t\t\t\t<\/button>\n\t\t\t\t<\/div>\n\t\t\t<\/div>\n\t\t<\/form>\n\t\t\t\t\t\t<\/div>\n\t\t\t\t<\/div>\n\t\t\t\t\t<\/div>\n\t\t<\/div>\n\t\t\t\t\t<\/div>\n\t\t<\/section>\n\t\t\t\t<\/div>\n\t\t","protected":false},"excerpt":{"rendered":"<p>Toodete tootmine, tarnimine, kasutusabi \u00dcle 35 aasta kogemust 0 + Meist UAB &#8220;Bitas&#8221; asutati 1989. aastal Kaunases, kus \u00fchinesid endise Kaunase raadiom\u00f5\u00f5tmistehnika teadusuuringute instituudi t\u00f6\u00f6tajad. Tegevus algas koost\u00f6\u00f6st Leedu Telekomi ja Leedu Gaasiga, luues neile erinevaid m\u00f5\u00f5teseadmeid, sides\u00fcsteemide tihenduss\u00fcsteeme ja gaasiparameetrite telemeetrias\u00fcsteeme. UAB &#8220;Bitas&#8221; on v\u00e4ikeettev\u00f5te, kus t\u00f6\u00f6tab praegu 9 t\u00f6\u00f6tajat. Meie spetsialistid arendavad, toodavad [&hellip;]<\/p>\n","protected":false},"author":1,"featured_media":0,"parent":0,"menu_order":0,"comment_status":"closed","ping_status":"closed","template":"elementor_header_footer","meta":{"_acf_changed":false,"footnotes":""},"class_list":["post-833","page","type-page","status-publish","hentry"],"acf":[],"yoast_head":"<!-- This site is optimized with the Yoast SEO plugin v27.4 - https:\/\/yoast.com\/product\/yoast-seo-wordpress\/ -->\n<title>Meist - Bitas<\/title>\n<meta name=\"robots\" content=\"index, follow, max-snippet:-1, max-image-preview:large, max-video-preview:-1\" \/>\n<link rel=\"canonical\" href=\"https:\/\/bitasuab.lt\/et\/meist\/\" \/>\n<meta property=\"og:locale\" content=\"et_EE\" \/>\n<meta property=\"og:type\" content=\"article\" \/>\n<meta property=\"og:title\" content=\"Meist - Bitas\" \/>\n<meta property=\"og:description\" content=\"Toodete tootmine, tarnimine, kasutusabi \u00dcle 35 aasta kogemust 0 + Meist UAB &#8220;Bitas&#8221; asutati 1989. aastal Kaunases, kus \u00fchinesid endise Kaunase raadiom\u00f5\u00f5tmistehnika teadusuuringute instituudi t\u00f6\u00f6tajad. Tegevus algas koost\u00f6\u00f6st Leedu Telekomi ja Leedu Gaasiga, luues neile erinevaid m\u00f5\u00f5teseadmeid, sides\u00fcsteemide tihenduss\u00fcsteeme ja gaasiparameetrite telemeetrias\u00fcsteeme. UAB &#8220;Bitas&#8221; on v\u00e4ikeettev\u00f5te, kus t\u00f6\u00f6tab praegu 9 t\u00f6\u00f6tajat. Meie spetsialistid arendavad, toodavad [&hellip;]\" \/>\n<meta property=\"og:url\" content=\"https:\/\/bitasuab.lt\/et\/meist\/\" \/>\n<meta property=\"og:site_name\" content=\"Bitas\" \/>\n<meta property=\"article:modified_time\" content=\"2024-09-20T13:01:00+00:00\" \/>\n<meta property=\"og:image\" content=\"https:\/\/bitasuab.lt\/wp-content\/uploads\/2024\/05\/electrician-checking-voltage-in-switchgear-at-solar-station.jpg\" \/>\n<meta name=\"twitter:card\" content=\"summary_large_image\" \/>\n<meta name=\"twitter:label1\" content=\"Est. reading time\" \/>\n\t<meta name=\"twitter:data1\" content=\"1 minut\" \/>\n<script type=\"application\/ld+json\" class=\"yoast-schema-graph\">{\"@context\":\"https:\\\/\\\/schema.org\",\"@graph\":[{\"@type\":\"WebPage\",\"@id\":\"https:\\\/\\\/bitasuab.lt\\\/et\\\/meist\\\/\",\"url\":\"https:\\\/\\\/bitasuab.lt\\\/et\\\/meist\\\/\",\"name\":\"Meist - Bitas\",\"isPartOf\":{\"@id\":\"https:\\\/\\\/bitasuab.lt\\\/et\\\/#website\"},\"primaryImageOfPage\":{\"@id\":\"https:\\\/\\\/bitasuab.lt\\\/et\\\/meist\\\/#primaryimage\"},\"image\":{\"@id\":\"https:\\\/\\\/bitasuab.lt\\\/et\\\/meist\\\/#primaryimage\"},\"thumbnailUrl\":\"https:\\\/\\\/bitasuab.lt\\\/wp-content\\\/uploads\\\/2024\\\/05\\\/electrician-checking-voltage-in-switchgear-at-solar-station.jpg\",\"datePublished\":\"2024-07-08T07:00:36+00:00\",\"dateModified\":\"2024-09-20T13:01:00+00:00\",\"breadcrumb\":{\"@id\":\"https:\\\/\\\/bitasuab.lt\\\/et\\\/meist\\\/#breadcrumb\"},\"inLanguage\":\"et\",\"potentialAction\":[{\"@type\":\"ReadAction\",\"target\":[\"https:\\\/\\\/bitasuab.lt\\\/et\\\/meist\\\/\"]}]},{\"@type\":\"ImageObject\",\"inLanguage\":\"et\",\"@id\":\"https:\\\/\\\/bitasuab.lt\\\/et\\\/meist\\\/#primaryimage\",\"url\":\"https:\\\/\\\/bitasuab.lt\\\/wp-content\\\/uploads\\\/2024\\\/05\\\/electrician-checking-voltage-in-switchgear-at-solar-station.jpg\",\"contentUrl\":\"https:\\\/\\\/bitasuab.lt\\\/wp-content\\\/uploads\\\/2024\\\/05\\\/electrician-checking-voltage-in-switchgear-at-solar-station.jpg\"},{\"@type\":\"BreadcrumbList\",\"@id\":\"https:\\\/\\\/bitasuab.lt\\\/et\\\/meist\\\/#breadcrumb\",\"itemListElement\":[{\"@type\":\"ListItem\",\"position\":1,\"name\":\"Home\",\"item\":\"https:\\\/\\\/bitasuab.lt\\\/et\\\/esileht\\\/\"},{\"@type\":\"ListItem\",\"position\":2,\"name\":\"Meist\"}]},{\"@type\":\"WebSite\",\"@id\":\"https:\\\/\\\/bitasuab.lt\\\/et\\\/#website\",\"url\":\"https:\\\/\\\/bitasuab.lt\\\/et\\\/\",\"name\":\"Bitas\",\"description\":\"\",\"publisher\":{\"@id\":\"https:\\\/\\\/bitasuab.lt\\\/et\\\/#organization\"},\"potentialAction\":[{\"@type\":\"SearchAction\",\"target\":{\"@type\":\"EntryPoint\",\"urlTemplate\":\"https:\\\/\\\/bitasuab.lt\\\/et\\\/?s={search_term_string}\"},\"query-input\":{\"@type\":\"PropertyValueSpecification\",\"valueRequired\":true,\"valueName\":\"search_term_string\"}}],\"inLanguage\":\"et\"},{\"@type\":\"Organization\",\"@id\":\"https:\\\/\\\/bitasuab.lt\\\/et\\\/#organization\",\"name\":\"Bitas\",\"url\":\"https:\\\/\\\/bitasuab.lt\\\/et\\\/\",\"logo\":{\"@type\":\"ImageObject\",\"inLanguage\":\"et\",\"@id\":\"https:\\\/\\\/bitasuab.lt\\\/et\\\/#\\\/schema\\\/logo\\\/image\\\/\",\"url\":\"https:\\\/\\\/bitasuab.lt\\\/wp-content\\\/uploads\\\/2024\\\/05\\\/image-removebg-preview.png\",\"contentUrl\":\"https:\\\/\\\/bitasuab.lt\\\/wp-content\\\/uploads\\\/2024\\\/05\\\/image-removebg-preview.png\",\"width\":231,\"height\":72,\"caption\":\"Bitas\"},\"image\":{\"@id\":\"https:\\\/\\\/bitasuab.lt\\\/et\\\/#\\\/schema\\\/logo\\\/image\\\/\"}}]}<\/script>\n<!-- \/ Yoast SEO plugin. -->","yoast_head_json":{"title":"Meist - Bitas","robots":{"index":"index","follow":"follow","max-snippet":"max-snippet:-1","max-image-preview":"max-image-preview:large","max-video-preview":"max-video-preview:-1"},"canonical":"https:\/\/bitasuab.lt\/et\/meist\/","og_locale":"et_EE","og_type":"article","og_title":"Meist - Bitas","og_description":"Toodete tootmine, tarnimine, kasutusabi \u00dcle 35 aasta kogemust 0 + Meist UAB &#8220;Bitas&#8221; asutati 1989. aastal Kaunases, kus \u00fchinesid endise Kaunase raadiom\u00f5\u00f5tmistehnika teadusuuringute instituudi t\u00f6\u00f6tajad. Tegevus algas koost\u00f6\u00f6st Leedu Telekomi ja Leedu Gaasiga, luues neile erinevaid m\u00f5\u00f5teseadmeid, sides\u00fcsteemide tihenduss\u00fcsteeme ja gaasiparameetrite telemeetrias\u00fcsteeme. UAB &#8220;Bitas&#8221; on v\u00e4ikeettev\u00f5te, kus t\u00f6\u00f6tab praegu 9 t\u00f6\u00f6tajat. Meie spetsialistid arendavad, toodavad [&hellip;]","og_url":"https:\/\/bitasuab.lt\/et\/meist\/","og_site_name":"Bitas","article_modified_time":"2024-09-20T13:01:00+00:00","og_image":[{"url":"https:\/\/bitasuab.lt\/wp-content\/uploads\/2024\/05\/electrician-checking-voltage-in-switchgear-at-solar-station.jpg","type":"","width":"","height":""}],"twitter_card":"summary_large_image","twitter_misc":{"Est. reading time":"1 minut"},"schema":{"@context":"https:\/\/schema.org","@graph":[{"@type":"WebPage","@id":"https:\/\/bitasuab.lt\/et\/meist\/","url":"https:\/\/bitasuab.lt\/et\/meist\/","name":"Meist - Bitas","isPartOf":{"@id":"https:\/\/bitasuab.lt\/et\/#website"},"primaryImageOfPage":{"@id":"https:\/\/bitasuab.lt\/et\/meist\/#primaryimage"},"image":{"@id":"https:\/\/bitasuab.lt\/et\/meist\/#primaryimage"},"thumbnailUrl":"https:\/\/bitasuab.lt\/wp-content\/uploads\/2024\/05\/electrician-checking-voltage-in-switchgear-at-solar-station.jpg","datePublished":"2024-07-08T07:00:36+00:00","dateModified":"2024-09-20T13:01:00+00:00","breadcrumb":{"@id":"https:\/\/bitasuab.lt\/et\/meist\/#breadcrumb"},"inLanguage":"et","potentialAction":[{"@type":"ReadAction","target":["https:\/\/bitasuab.lt\/et\/meist\/"]}]},{"@type":"ImageObject","inLanguage":"et","@id":"https:\/\/bitasuab.lt\/et\/meist\/#primaryimage","url":"https:\/\/bitasuab.lt\/wp-content\/uploads\/2024\/05\/electrician-checking-voltage-in-switchgear-at-solar-station.jpg","contentUrl":"https:\/\/bitasuab.lt\/wp-content\/uploads\/2024\/05\/electrician-checking-voltage-in-switchgear-at-solar-station.jpg"},{"@type":"BreadcrumbList","@id":"https:\/\/bitasuab.lt\/et\/meist\/#breadcrumb","itemListElement":[{"@type":"ListItem","position":1,"name":"Home","item":"https:\/\/bitasuab.lt\/et\/esileht\/"},{"@type":"ListItem","position":2,"name":"Meist"}]},{"@type":"WebSite","@id":"https:\/\/bitasuab.lt\/et\/#website","url":"https:\/\/bitasuab.lt\/et\/","name":"Bitas","description":"","publisher":{"@id":"https:\/\/bitasuab.lt\/et\/#organization"},"potentialAction":[{"@type":"SearchAction","target":{"@type":"EntryPoint","urlTemplate":"https:\/\/bitasuab.lt\/et\/?s={search_term_string}"},"query-input":{"@type":"PropertyValueSpecification","valueRequired":true,"valueName":"search_term_string"}}],"inLanguage":"et"},{"@type":"Organization","@id":"https:\/\/bitasuab.lt\/et\/#organization","name":"Bitas","url":"https:\/\/bitasuab.lt\/et\/","logo":{"@type":"ImageObject","inLanguage":"et","@id":"https:\/\/bitasuab.lt\/et\/#\/schema\/logo\/image\/","url":"https:\/\/bitasuab.lt\/wp-content\/uploads\/2024\/05\/image-removebg-preview.png","contentUrl":"https:\/\/bitasuab.lt\/wp-content\/uploads\/2024\/05\/image-removebg-preview.png","width":231,"height":72,"caption":"Bitas"},"image":{"@id":"https:\/\/bitasuab.lt\/et\/#\/schema\/logo\/image\/"}}]}},"_links":{"self":[{"href":"https:\/\/bitasuab.lt\/et\/wp-json\/wp\/v2\/pages\/833","targetHints":{"allow":["GET"]}}],"collection":[{"href":"https:\/\/bitasuab.lt\/et\/wp-json\/wp\/v2\/pages"}],"about":[{"href":"https:\/\/bitasuab.lt\/et\/wp-json\/wp\/v2\/types\/page"}],"author":[{"embeddable":true,"href":"https:\/\/bitasuab.lt\/et\/wp-json\/wp\/v2\/users\/1"}],"replies":[{"embeddable":true,"href":"https:\/\/bitasuab.lt\/et\/wp-json\/wp\/v2\/comments?post=833"}],"version-history":[{"count":9,"href":"https:\/\/bitasuab.lt\/et\/wp-json\/wp\/v2\/pages\/833\/revisions"}],"predecessor-version":[{"id":1219,"href":"https:\/\/bitasuab.lt\/et\/wp-json\/wp\/v2\/pages\/833\/revisions\/1219"}],"wp:attachment":[{"href":"https:\/\/bitasuab.lt\/et\/wp-json\/wp\/v2\/media?parent=833"}],"curies":[{"name":"wp","href":"https:\/\/api.w.org\/{rel}","templated":true}]}}