{"id":825,"date":"2024-07-03T09:15:03","date_gmt":"2024-07-03T09:15:03","guid":{"rendered":"https:\/\/bitas.vdisain.dev\/privacy-policy\/"},"modified":"2024-09-09T08:04:13","modified_gmt":"2024-09-09T08:04:13","slug":"privacy-policy","status":"publish","type":"page","link":"https:\/\/bitasuab.lt\/en\/privacy-policy\/","title":{"rendered":"Privacy Policy"},"content":{"rendered":"\t\t<div data-elementor-type=\"wp-page\" data-elementor-id=\"825\" class=\"elementor elementor-825 elementor-245\" data-elementor-post-type=\"page\">\n\t\t\t\t<div class=\"elementor-element elementor-element-b708424 e-flex e-con-boxed e-con e-parent\" data-id=\"b708424\" data-element_type=\"container\" data-e-type=\"container\" data-settings=\"{&quot;background_background&quot;:&quot;classic&quot;}\">\n\t\t\t\t\t<div class=\"e-con-inner\">\n\t\t<div class=\"elementor-element elementor-element-33aef50 e-con-full e-flex e-con e-child\" data-id=\"33aef50\" data-element_type=\"container\" data-e-type=\"container\">\n\t\t\t\t<div class=\"elementor-element elementor-element-3151f76 elementor-invisible elementor-widget elementor-widget-heading\" data-id=\"3151f76\" data-element_type=\"widget\" data-e-type=\"widget\" data-settings=\"{&quot;_animation&quot;:&quot;fadeInUp&quot;}\" data-widget_type=\"heading.default\">\n\t\t\t\t<div class=\"elementor-widget-container\">\n\t\t\t\t\t<h1 class=\"elementor-heading-title elementor-size-default\">Privacy Policy<\/h1>\t\t\t\t<\/div>\n\t\t\t\t<\/div>\n\t\t\t\t<\/div>\n\t\t\t\t\t<\/div>\n\t\t\t\t<\/div>\n\t\t<div class=\"elementor-element elementor-element-dd6a26e e-flex e-con-boxed e-con e-parent\" data-id=\"dd6a26e\" data-element_type=\"container\" data-e-type=\"container\">\n\t\t\t\t\t<div class=\"e-con-inner\">\n\t\t<div class=\"elementor-element elementor-element-527edeb e-con-full e-flex e-con e-child\" data-id=\"527edeb\" data-element_type=\"container\" data-e-type=\"container\">\n\t\t\t\t<div class=\"elementor-element elementor-element-ac3c43e elementor-widget elementor-widget-text-editor\" data-id=\"ac3c43e\" data-element_type=\"widget\" data-e-type=\"widget\" data-widget_type=\"text-editor.default\">\n\t\t\t\t<div class=\"elementor-widget-container\">\n\t\t\t\t\t\t\t\t\t<div class=\"ql-block\" data-block-id=\"block-87c131c1-9fe0-497c-b289-53aed4cea7d3\">This privacy policy (&#8220;Policy&#8221;) governs the collection, use, retention and protection of personal data when you (&#8220;User&#8221;) use the <a class=\"ql-link\" href=\"http:\/\/www.bitasuab.lt\/\" target=\"_blank\" rel=\"noopener noreferrer\">http:\/\/www.bitasuab.lt<\/a> website (&#8220;Site&#8221;) and the services provided by it.<\/div>\n<h3 class=\"ql-heading\" data-block-id=\"block-55477016-ed74-43eb-a9f9-79c994b76f15\"><strong>1. <\/strong>Collection and processing of personal data<\/h3>\n<div class=\"ql-block\" data-block-id=\"block-6a0667c6-f9bc-4e7d-a246-50d78161a496\"><strong>1.1.  <\/strong>When you browse our website, we automatically collect certain information about your device, such as your IP address, browser type and version, the time and date of the pages you visited, and other statistical information.<\/div>\n<div class=\"ql-block\" data-block-id=\"block-22542b20-927f-4272-8e4f-2bed1599ce9f\"><strong>1.2.  <\/strong>We may also collect personal data that you choose to provide in forms on our website in order to respond to your enquiries or to provide a particular service.<\/div>\n<h3 class=\"ql-heading\" data-block-id=\"block-7d88abe6-4c19-47e6-82b3-54894d6f6fb2\"><strong>2. <\/strong>Storage and protection of personal data<\/h3>\n<div class=\"ql-block\" data-block-id=\"block-a105c9c4-002c-445a-8f02-f50093923fc5\"><strong>2.1.  <\/strong>We are committed to ensuring the confidentiality and security of personal data by taking appropriate technical and organisational measures to protect it against unauthorised or improper use, loss, destruction or damage.<\/div>\n<div class=\"ql-block\" data-block-id=\"block-2020d25d-7094-4cc3-b2de-0ca7e2b64595\"><strong>2.2.  <\/strong>We will protect your personal data to the extent necessary to comply with our legal obligations or to pursue our business interests.<\/div>\n<div class=\"ql-block\" data-block-id=\"block-c6b942bc-90b5-44b1-b64f-6fc434f86baf\"><strong>2.3.  <\/strong>You may visit our website without providing any personally identifiable information.<br \/>\nTa\u010diau, jeigu nor\u0117site pasinaudoti m\u016bs\u0173 svetain\u0117s funkcijomis, nor\u0117site gauti m\u016bs\u0173 naujienlai\u0161k\u012f arba u\u017epildysite m\u016bs\u0173 kontaktin\u0119 form\u0105, tuomet taip galite suteikti mums savo asmenini\u0173 duomen\u0173: el.<br \/>\nYou can also provide us with your personal data, such as your email address, name, surname, residence information, telephone number.<br \/>\nYou have the choice not to provide us with your personal data, but in this case you will not be able to use most of the features of the website.<br \/>\nVisitors to the website who are not aware of the information we are required to collect may contact us by e-mail.<br \/>\n <a class=\"ql-link\" href=\"mailto:bitas@bitasuab.lt\" target=\"_blank\" rel=\"noopener noreferrer\">You<\/a> can contact us by email: <a class=\"ql-link\" href=\"mailto:bitas@bitasuab.lt\" target=\"_blank\" rel=\"noopener noreferrer\">bitas@bitasuab.lt.<\/a>     <\/div>\n<h3 class=\"ql-heading\" data-block-id=\"block-67eaa3bb-3330-4214-b7c3-90cc0970477b\"><strong>3. <\/strong>Receiving data from third parties<\/h3>\n<div class=\"ql-block\" data-block-id=\"block-f2125505-e4f9-4053-ae35-b6b1b35290df\"><strong>3.1.  <\/strong>We only transfer your personal data to trusted third parties and only for the purpose of properly fulfilling the purposes of processing your personal data.<br \/>\nWe may also transfer your personal data where required by applicable legal requirements or where necessary for the provision of our services. <\/div>\n<h3 class=\"ql-heading\" data-block-id=\"block-36fa5184-ba0d-454c-a515-ea4377d12438\"><strong>4. <\/strong>Third party websites<\/h3>\n<div class=\"ql-block\" data-block-id=\"block-a30d7b6c-468d-410c-a46d-67f222b4a331\"><strong>4.1.  <\/strong>This website may contain third-party banners and links to their websites and services, which are not under our control and we are not responsible for the security and privacy of the information collected by third parties.<br \/>\nWe recommend that you read the privacy statements applicable to the third-party websites and services that you use. <\/div>\n<h3 class=\"ql-heading\" data-block-id=\"block-ad332247-7c63-4d33-8c17-dff790388d69\"><strong>5. <\/strong>Cookies and tracking technologies<\/h3>\n<div class=\"ql-block\" data-block-id=\"block-5c351137-6a42-4b3f-ae30-2571aef89a26\"><strong>5.1.  <\/strong>Our website may use cookies and other tracking technologies to improve your user experience and analyse traffic.<br \/>\nYou can choose to accept the use of cookies at any time in your browser settings. <\/div>\n<div class=\"ql-block\" data-block-id=\"block-89360d1a-6fd3-40bc-9d0d-976449ce0dd9\"><strong>5.2.  <\/strong>We do not associate a visitor&#8217;s IP address and email address or other personal information with personally identifiable data.<br \/>\nThis means that each visitor&#8217;s visit will be logged, but the visitor will remain anonymous. <\/div>\n<h3 class=\"ql-heading\" data-block-id=\"block-71b84614-44d1-4ba8-b741-4e9880ea6600\"><strong>6. <\/strong>Your rights<\/h3>\n<div class=\"ql-block\" data-block-id=\"block-80c08181-da51-477b-87d3-1e13010c32d9\"><strong>6.1.  <\/strong>You have the right to access the personal data collected and processed about you, and to request the rectification, erasure or transfer of that data to another organisation.<br \/>\nYou also have the right to object to the processing. <\/div>\n<h3 class=\"ql-heading\" data-block-id=\"block-d3114b72-3063-4d66-8d45-f9d2de92bfd5\"><strong>7. <\/strong>Contact<\/h3>\n<div class=\"ql-block\" data-block-id=\"block-cab0b0bf-c12a-41f0-9787-28d13984f5c7\"><strong>7.1.  <\/strong>If you have any questions or would like more information about our privacy policy, please contact us at.<br \/>\nPlease contact us by email: <a class=\"ql-link\" href=\"mailto:bitas@bitasuab.lt\" target=\"_blank\" rel=\"noopener noreferrer\">bitas@bitasuab.lt.<\/a> <\/div>\n\t\t\t\t\t\t\t\t<\/div>\n\t\t\t\t<\/div>\n\t\t\t\t<\/div>\n\t\t\t\t\t<\/div>\n\t\t\t\t<\/div>\n\t\t\t\t<\/div>\n\t\t","protected":false},"excerpt":{"rendered":"<p>This privacy policy (&#8220;Policy&#8221;) governs the collection, use, retention and protection of personal data when you (&#8220;User&#8221;) use the http:\/\/www.bitasuab.lt website (&#8220;Site&#8221;) and the services provided by it. 1. Collection and processing of personal data 1.1. When you browse our website, we automatically collect certain information about your device, such as your IP address, browser [&hellip;]<\/p>\n","protected":false},"author":1,"featured_media":0,"parent":0,"menu_order":0,"comment_status":"closed","ping_status":"closed","template":"elementor_header_footer","meta":{"_acf_changed":false,"footnotes":""},"class_list":["post-825","page","type-page","status-publish","hentry"],"acf":[],"yoast_head":"<!-- This site is optimized with the Yoast SEO plugin v27.5 - https:\/\/yoast.com\/product\/yoast-seo-wordpress\/ -->\n<title>Privacy Policy - Bitas<\/title>\n<meta name=\"robots\" content=\"index, follow, max-snippet:-1, max-image-preview:large, max-video-preview:-1\" \/>\n<link rel=\"canonical\" href=\"https:\/\/bitasuab.lt\/en\/privacy-policy\/\" \/>\n<meta property=\"og:locale\" content=\"en_US\" \/>\n<meta property=\"og:type\" content=\"article\" \/>\n<meta property=\"og:title\" content=\"Privacy Policy - Bitas\" \/>\n<meta property=\"og:description\" content=\"This privacy policy (&#8220;Policy&#8221;) governs the collection, use, retention and protection of personal data when you (&#8220;User&#8221;) use the http:\/\/www.bitasuab.lt website (&#8220;Site&#8221;) and the services provided by it. 1. Collection and processing of personal data 1.1. When you browse our website, we automatically collect certain information about your device, such as your IP address, browser [&hellip;]\" \/>\n<meta property=\"og:url\" content=\"https:\/\/bitasuab.lt\/en\/privacy-policy\/\" \/>\n<meta property=\"og:site_name\" content=\"Bitas\" \/>\n<meta property=\"article:modified_time\" content=\"2024-09-09T08:04:13+00:00\" \/>\n<meta name=\"twitter:card\" content=\"summary_large_image\" \/>\n<meta name=\"twitter:label1\" content=\"Est. reading time\" \/>\n\t<meta name=\"twitter:data1\" content=\"3 minutes\" \/>\n<script type=\"application\/ld+json\" class=\"yoast-schema-graph\">{\"@context\":\"https:\\\/\\\/schema.org\",\"@graph\":[{\"@type\":\"WebPage\",\"@id\":\"https:\\\/\\\/bitasuab.lt\\\/en\\\/privacy-policy\\\/\",\"url\":\"https:\\\/\\\/bitasuab.lt\\\/en\\\/privacy-policy\\\/\",\"name\":\"Privacy Policy - Bitas\",\"isPartOf\":{\"@id\":\"https:\\\/\\\/bitasuab.lt\\\/en\\\/#website\"},\"datePublished\":\"2024-07-03T09:15:03+00:00\",\"dateModified\":\"2024-09-09T08:04:13+00:00\",\"breadcrumb\":{\"@id\":\"https:\\\/\\\/bitasuab.lt\\\/en\\\/privacy-policy\\\/#breadcrumb\"},\"inLanguage\":\"en-US\",\"potentialAction\":[{\"@type\":\"ReadAction\",\"target\":[\"https:\\\/\\\/bitasuab.lt\\\/en\\\/privacy-policy\\\/\"]}]},{\"@type\":\"BreadcrumbList\",\"@id\":\"https:\\\/\\\/bitasuab.lt\\\/en\\\/privacy-policy\\\/#breadcrumb\",\"itemListElement\":[{\"@type\":\"ListItem\",\"position\":1,\"name\":\"Home\",\"item\":\"https:\\\/\\\/bitasuab.lt\\\/en\\\/front-page\\\/\"},{\"@type\":\"ListItem\",\"position\":2,\"name\":\"Privacy Policy\"}]},{\"@type\":\"WebSite\",\"@id\":\"https:\\\/\\\/bitasuab.lt\\\/en\\\/#website\",\"url\":\"https:\\\/\\\/bitasuab.lt\\\/en\\\/\",\"name\":\"Bitas\",\"description\":\"\",\"publisher\":{\"@id\":\"https:\\\/\\\/bitasuab.lt\\\/en\\\/#organization\"},\"potentialAction\":[{\"@type\":\"SearchAction\",\"target\":{\"@type\":\"EntryPoint\",\"urlTemplate\":\"https:\\\/\\\/bitasuab.lt\\\/en\\\/?s={search_term_string}\"},\"query-input\":{\"@type\":\"PropertyValueSpecification\",\"valueRequired\":true,\"valueName\":\"search_term_string\"}}],\"inLanguage\":\"en-US\"},{\"@type\":\"Organization\",\"@id\":\"https:\\\/\\\/bitasuab.lt\\\/en\\\/#organization\",\"name\":\"Bitas\",\"url\":\"https:\\\/\\\/bitasuab.lt\\\/en\\\/\",\"logo\":{\"@type\":\"ImageObject\",\"inLanguage\":\"en-US\",\"@id\":\"https:\\\/\\\/bitasuab.lt\\\/en\\\/#\\\/schema\\\/logo\\\/image\\\/\",\"url\":\"https:\\\/\\\/bitasuab.lt\\\/wp-content\\\/uploads\\\/2024\\\/05\\\/image-removebg-preview.png\",\"contentUrl\":\"https:\\\/\\\/bitasuab.lt\\\/wp-content\\\/uploads\\\/2024\\\/05\\\/image-removebg-preview.png\",\"width\":231,\"height\":72,\"caption\":\"Bitas\"},\"image\":{\"@id\":\"https:\\\/\\\/bitasuab.lt\\\/en\\\/#\\\/schema\\\/logo\\\/image\\\/\"}}]}<\/script>\n<!-- \/ Yoast SEO plugin. -->","yoast_head_json":{"title":"Privacy Policy - Bitas","robots":{"index":"index","follow":"follow","max-snippet":"max-snippet:-1","max-image-preview":"max-image-preview:large","max-video-preview":"max-video-preview:-1"},"canonical":"https:\/\/bitasuab.lt\/en\/privacy-policy\/","og_locale":"en_US","og_type":"article","og_title":"Privacy Policy - Bitas","og_description":"This privacy policy (&#8220;Policy&#8221;) governs the collection, use, retention and protection of personal data when you (&#8220;User&#8221;) use the http:\/\/www.bitasuab.lt website (&#8220;Site&#8221;) and the services provided by it. 1. Collection and processing of personal data 1.1. When you browse our website, we automatically collect certain information about your device, such as your IP address, browser [&hellip;]","og_url":"https:\/\/bitasuab.lt\/en\/privacy-policy\/","og_site_name":"Bitas","article_modified_time":"2024-09-09T08:04:13+00:00","twitter_card":"summary_large_image","twitter_misc":{"Est. reading time":"3 minutes"},"schema":{"@context":"https:\/\/schema.org","@graph":[{"@type":"WebPage","@id":"https:\/\/bitasuab.lt\/en\/privacy-policy\/","url":"https:\/\/bitasuab.lt\/en\/privacy-policy\/","name":"Privacy Policy - Bitas","isPartOf":{"@id":"https:\/\/bitasuab.lt\/en\/#website"},"datePublished":"2024-07-03T09:15:03+00:00","dateModified":"2024-09-09T08:04:13+00:00","breadcrumb":{"@id":"https:\/\/bitasuab.lt\/en\/privacy-policy\/#breadcrumb"},"inLanguage":"en-US","potentialAction":[{"@type":"ReadAction","target":["https:\/\/bitasuab.lt\/en\/privacy-policy\/"]}]},{"@type":"BreadcrumbList","@id":"https:\/\/bitasuab.lt\/en\/privacy-policy\/#breadcrumb","itemListElement":[{"@type":"ListItem","position":1,"name":"Home","item":"https:\/\/bitasuab.lt\/en\/front-page\/"},{"@type":"ListItem","position":2,"name":"Privacy Policy"}]},{"@type":"WebSite","@id":"https:\/\/bitasuab.lt\/en\/#website","url":"https:\/\/bitasuab.lt\/en\/","name":"Bitas","description":"","publisher":{"@id":"https:\/\/bitasuab.lt\/en\/#organization"},"potentialAction":[{"@type":"SearchAction","target":{"@type":"EntryPoint","urlTemplate":"https:\/\/bitasuab.lt\/en\/?s={search_term_string}"},"query-input":{"@type":"PropertyValueSpecification","valueRequired":true,"valueName":"search_term_string"}}],"inLanguage":"en-US"},{"@type":"Organization","@id":"https:\/\/bitasuab.lt\/en\/#organization","name":"Bitas","url":"https:\/\/bitasuab.lt\/en\/","logo":{"@type":"ImageObject","inLanguage":"en-US","@id":"https:\/\/bitasuab.lt\/en\/#\/schema\/logo\/image\/","url":"https:\/\/bitasuab.lt\/wp-content\/uploads\/2024\/05\/image-removebg-preview.png","contentUrl":"https:\/\/bitasuab.lt\/wp-content\/uploads\/2024\/05\/image-removebg-preview.png","width":231,"height":72,"caption":"Bitas"},"image":{"@id":"https:\/\/bitasuab.lt\/en\/#\/schema\/logo\/image\/"}}]}},"_links":{"self":[{"href":"https:\/\/bitasuab.lt\/en\/wp-json\/wp\/v2\/pages\/825","targetHints":{"allow":["GET"]}}],"collection":[{"href":"https:\/\/bitasuab.lt\/en\/wp-json\/wp\/v2\/pages"}],"about":[{"href":"https:\/\/bitasuab.lt\/en\/wp-json\/wp\/v2\/types\/page"}],"author":[{"embeddable":true,"href":"https:\/\/bitasuab.lt\/en\/wp-json\/wp\/v2\/users\/1"}],"replies":[{"embeddable":true,"href":"https:\/\/bitasuab.lt\/en\/wp-json\/wp\/v2\/comments?post=825"}],"version-history":[{"count":1,"href":"https:\/\/bitasuab.lt\/en\/wp-json\/wp\/v2\/pages\/825\/revisions"}],"predecessor-version":[{"id":826,"href":"https:\/\/bitasuab.lt\/en\/wp-json\/wp\/v2\/pages\/825\/revisions\/826"}],"wp:attachment":[{"href":"https:\/\/bitasuab.lt\/en\/wp-json\/wp\/v2\/media?parent=825"}],"curies":[{"name":"wp","href":"https:\/\/api.w.org\/{rel}","templated":true}]}}